{"id":1427,"date":"2021-11-29T19:58:25","date_gmt":"2021-11-29T19:58:25","guid":{"rendered":"https:\/\/elguacamaya.com.uy\/?post_type=product&#038;p=1427"},"modified":"2025-02-20T17:40:42","modified_gmt":"2025-02-20T17:40:42","slug":"semillas-de-calabaza","status":"publish","type":"product","link":"https:\/\/elguacamaya.com.uy\/index.php\/producto\/semillas-de-calabaza\/","title":{"rendered":"Semillas de calabaza"},"content":{"rendered":"<p>Las semillas de calabaza le proporcionan al organismo dosis saludables de magnesio, 37% de la cantidad diaria recomendada. El magnesio desempe\u00f1a un papel fundamental en la tensi\u00f3n arterial, la salud de los huesos y en el descanso nocturno.<\/p>\n<p>Son tambi\u00e9n una buena fuente de vitamina E, un antioxidante que protege las c\u00e9lulas del da\u00f1o causado por los radicales libres, mejora la funci\u00f3n del sistema inmunitario y reduce la inflamaci\u00f3n.<\/p>\n<p>Aporta prote\u00ednas, fibras y pocos hidratos de carbono. Adem\u00e1s la mayor\u00eda de sus grasas son polinsaturadas y monoinsaturadas.<\/p>\n<p>&nbsp;<\/p>\n","protected":false},"excerpt":{"rendered":"<p>Las semillas de calabaza le proporcionan al organismo dosis saludables de magnesio, 37% de la cantidad diaria recomendada. El magnesio desempe\u00f1a un papel fundamental en la tensi\u00f3n arterial, la salud de los huesos y en el descanso nocturno. Son tambi\u00e9n una buena fuente de vitamina E, un antioxidante que protege las c\u00e9lulas del da\u00f1o causado &hellip;<\/p>\n<p class=\"read-more\"> <a class=\"\" href=\"https:\/\/elguacamaya.com.uy\/index.php\/producto\/semillas-de-calabaza\/\"> <span class=\"screen-reader-text\">Semillas de calabaza<\/span> Leer m\u00e1s &raquo;<\/a><\/p>\n","protected":false},"featured_media":3748,"template":"","meta":{"site-sidebar-layout":"default","site-content-layout":"default","ast-global-header-display":"","ast-banner-title-visibility":"","ast-main-header-display":"","ast-hfb-above-header-display":"","ast-hfb-below-header-display":"","ast-hfb-mobile-header-display":"","site-post-title":"","ast-breadcrumbs-content":"","ast-featured-img":"","footer-sml-layout":"","theme-transparent-header-meta":"default","adv-header-id-meta":"","stick-header-meta":"","header-above-stick-meta":"","header-main-stick-meta":"","header-below-stick-meta":"","_joinchat":[]},"product_brand":[],"product_cat":[26],"product_tag":[],"class_list":{"0":"post-1427","1":"product","2":"type-product","3":"status-publish","4":"has-post-thumbnail","6":"product_cat-cereales-granos-y-semillas","7":"desktop-align-left","8":"tablet-align-left","9":"mobile-align-left","11":"first","12":"instock","13":"taxable","14":"shipping-taxable","15":"purchasable","16":"product-type-variable"},"_links":{"self":[{"href":"https:\/\/elguacamaya.com.uy\/index.php\/wp-json\/wp\/v2\/product\/1427","targetHints":{"allow":["GET"]}}],"collection":[{"href":"https:\/\/elguacamaya.com.uy\/index.php\/wp-json\/wp\/v2\/product"}],"about":[{"href":"https:\/\/elguacamaya.com.uy\/index.php\/wp-json\/wp\/v2\/types\/product"}],"version-history":[{"count":1,"href":"https:\/\/elguacamaya.com.uy\/index.php\/wp-json\/wp\/v2\/product\/1427\/revisions"}],"predecessor-version":[{"id":1428,"href":"https:\/\/elguacamaya.com.uy\/index.php\/wp-json\/wp\/v2\/product\/1427\/revisions\/1428"}],"wp:featuredmedia":[{"embeddable":true,"href":"https:\/\/elguacamaya.com.uy\/index.php\/wp-json\/wp\/v2\/media\/3748"}],"wp:attachment":[{"href":"https:\/\/elguacamaya.com.uy\/index.php\/wp-json\/wp\/v2\/media?parent=1427"}],"wp:term":[{"taxonomy":"product_brand","embeddable":true,"href":"https:\/\/elguacamaya.com.uy\/index.php\/wp-json\/wp\/v2\/product_brand?post=1427"},{"taxonomy":"product_cat","embeddable":true,"href":"https:\/\/elguacamaya.com.uy\/index.php\/wp-json\/wp\/v2\/product_cat?post=1427"},{"taxonomy":"product_tag","embeddable":true,"href":"https:\/\/elguacamaya.com.uy\/index.php\/wp-json\/wp\/v2\/product_tag?post=1427"}],"curies":[{"name":"wp","href":"https:\/\/api.w.org\/{rel}","templated":true}]}}