{"id":1292,"date":"2021-10-22T19:08:27","date_gmt":"2021-10-22T19:08:27","guid":{"rendered":"https:\/\/elguacamaya.com.uy\/?post_type=product&#038;p=1292"},"modified":"2025-02-25T17:44:05","modified_gmt":"2025-02-25T17:44:05","slug":"decor-up","status":"publish","type":"product","link":"https:\/\/elguacamaya.com.uy\/index.php\/producto\/decor-up\/","title":{"rendered":"Decor up"},"content":{"rendered":"<div class=\"wpb_text_column wpb_content_element \">\n<div class=\"wpb_wrapper\">\n<p>Decor Up es una<strong> crema vegetal<\/strong> dise\u00f1ada para decorar y darle el mejor gusto a las tortas\u00a0y bizcochos.\u00a0Posee innegables ventajas sobre las cremas producidas a base de leche:<\/p>\n<ul>\n<li>Rinde el doble que las cremas a base de leche<\/li>\n<li>No tiene colesterol<\/li>\n<li>Tiene un sabor tipo chantilly muy cremoso<\/li>\n<li>Monta en pocos minutos<\/li>\n<li>Permite la obtenci\u00f3n de un batido liso para moldear<\/li>\n<li>Se pude mezclar con agua y leche fr\u00eda<\/li>\n<li>Se puede mezclar con crema pastelera, cacao, caf\u00e9, etc,.<\/li>\n<li>Se le pueden incorporar frutas (jugo o sin cortar)<\/li>\n<li>Sirve como mejorador de la crema de leche (mejora rendimiento, consistencia, etc.)<\/li>\n<li>No necesita refrigeraci\u00f3n: se conserva en lugar fresco y seco (menos de 20\u00ba)<\/li>\n<li>Tiene una vida \u00fatil de 12 meses<\/li>\n<li>Se puede congelar una vez batida por una semana, manteniendo su forma original<\/li>\n<\/ul>\n<\/div>\n<\/div>\n<div class=\"wpb_single_image wpb_content_element vc_align_left\">\n<div class=\"wpb_wrapper\">\n<div class=\"vc_single_image-wrapper vc_box_border_grey\"><strong style=\"font-size: 16px\">Modo de uso:<\/strong><\/div>\n<\/div>\n<\/div>\n<div class=\"wpb_text_column wpb_content_element \">\n<div class=\"wpb_wrapper\">\n<p>Estas son las condiciones de batido para Decor UP:<\/p>\n<ol>\n<li>Enfriar Decor Up durante 12 horas en el refrigerador antes de batir, hasta alcanzar los 9\u00ba o los 12\u00ba<\/li>\n<li>Batir a velocidad media en un recipiente fr\u00edo y seco hasta alcanzar el punto deseado; es importante que el batidor est\u00e9 sumergido en Decor Up hasta la mitad para lograr un batido homog\u00e9neo.<\/li>\n<li>Batiendo entre 9\u00ba y 12\u00ba se obtiene el m\u00e1ximo rendimiento (hasta 3,5 litros) y la mejor consistencia y estabilidad.<\/li>\n<li>Los tiempo de batido var\u00edan entre 6 y 9 minutos, seg\u00fan el batidor que se utilice, el tama\u00f1o del recipiente, las r.p.m. de la m\u00e1quina y la cantidad que se bata.<\/li>\n<li>En caso de que la consistencia alcanzada sea excesiva, se puede a\u00f1adir un poco de Decor Up con crema de leche en proporci\u00f3n hasta 1:1 antes de batir. Seg\u00fan la crema de leche empleada, el tiempo de batido puede subir hasta 9 minutos.<\/li>\n<li>Para aumentar el rendimiento se aconseja adicionar 70-80 gramos de az\u00facar por litro de Decor Up y 500 ml de leche antes de batir.<\/li>\n<li>Se puede mezclar Decor Up con crema de leche en proporci\u00f3n hasta 1:1 antes de batir. Seg\u00fan la crema de leche empleada, el tiempo de batido puede subir hasta 9 minutos.<\/li>\n<li>El Decor Up ya batido que no se llegue a utilizar, debe conservares en el refrigerador, de ser posible cubierto con papel nylon. Si pierde consistencia puede volverse a montar.<\/li>\n<\/ol>\n<\/div>\n<\/div>\n<div class=\"vc_empty_space\"><\/div>\n","protected":false},"excerpt":{"rendered":"<p>Decor Up es una crema vegetal dise\u00f1ada para decorar y darle el mejor gusto a las tortas\u00a0y bizcochos.\u00a0Posee innegables ventajas sobre las cremas producidas a base de leche: Rinde el doble que las cremas a base de leche No tiene colesterol Tiene un sabor tipo chantilly muy cremoso Monta en pocos minutos Permite la obtenci\u00f3n &hellip;<\/p>\n<p class=\"read-more\"> <a class=\"\" href=\"https:\/\/elguacamaya.com.uy\/index.php\/producto\/decor-up\/\"> <span class=\"screen-reader-text\">Decor up<\/span> Leer m\u00e1s &raquo;<\/a><\/p>\n","protected":false},"featured_media":3601,"template":"","meta":{"site-sidebar-layout":"default","site-content-layout":"default","ast-global-header-display":"","ast-banner-title-visibility":"","ast-main-header-display":"","ast-hfb-above-header-display":"","ast-hfb-below-header-display":"","ast-hfb-mobile-header-display":"","site-post-title":"","ast-breadcrumbs-content":"","ast-featured-img":"","footer-sml-layout":"","theme-transparent-header-meta":"default","adv-header-id-meta":"","stick-header-meta":"","header-above-stick-meta":"","header-main-stick-meta":"","header-below-stick-meta":"","_joinchat":[]},"product_brand":[],"product_cat":[50],"product_tag":[],"class_list":{"0":"post-1292","1":"product","2":"type-product","3":"status-publish","4":"has-post-thumbnail","6":"product_cat-cremas-y-fondant","7":"desktop-align-left","8":"tablet-align-left","9":"mobile-align-left","11":"first","12":"instock","13":"taxable","14":"shipping-taxable","15":"purchasable","16":"product-type-simple"},"_links":{"self":[{"href":"https:\/\/elguacamaya.com.uy\/index.php\/wp-json\/wp\/v2\/product\/1292","targetHints":{"allow":["GET"]}}],"collection":[{"href":"https:\/\/elguacamaya.com.uy\/index.php\/wp-json\/wp\/v2\/product"}],"about":[{"href":"https:\/\/elguacamaya.com.uy\/index.php\/wp-json\/wp\/v2\/types\/product"}],"version-history":[{"count":1,"href":"https:\/\/elguacamaya.com.uy\/index.php\/wp-json\/wp\/v2\/product\/1292\/revisions"}],"predecessor-version":[{"id":1294,"href":"https:\/\/elguacamaya.com.uy\/index.php\/wp-json\/wp\/v2\/product\/1292\/revisions\/1294"}],"wp:featuredmedia":[{"embeddable":true,"href":"https:\/\/elguacamaya.com.uy\/index.php\/wp-json\/wp\/v2\/media\/3601"}],"wp:attachment":[{"href":"https:\/\/elguacamaya.com.uy\/index.php\/wp-json\/wp\/v2\/media?parent=1292"}],"wp:term":[{"taxonomy":"product_brand","embeddable":true,"href":"https:\/\/elguacamaya.com.uy\/index.php\/wp-json\/wp\/v2\/product_brand?post=1292"},{"taxonomy":"product_cat","embeddable":true,"href":"https:\/\/elguacamaya.com.uy\/index.php\/wp-json\/wp\/v2\/product_cat?post=1292"},{"taxonomy":"product_tag","embeddable":true,"href":"https:\/\/elguacamaya.com.uy\/index.php\/wp-json\/wp\/v2\/product_tag?post=1292"}],"curies":[{"name":"wp","href":"https:\/\/api.w.org\/{rel}","templated":true}]}}