{"id":1274,"date":"2021-10-22T19:11:35","date_gmt":"2021-10-22T19:11:35","guid":{"rendered":"https:\/\/elguacamaya.com.uy\/?post_type=product&#038;p=1274"},"modified":"2025-12-29T19:14:10","modified_gmt":"2025-12-29T19:14:10","slug":"cacao-en-polvo","status":"publish","type":"product","link":"https:\/\/elguacamaya.com.uy\/index.php\/producto\/cacao-en-polvo\/","title":{"rendered":"Cacao en polvo"},"content":{"rendered":"<p>El cacao es el polvo que deriva del cacao, es amargo.<\/p>\n<p><strong>Beneficios del cacao:<\/strong><\/p>\n<ul>\n<li><strong>Antioxidante<\/strong>: el polvo de cacao contiene m\u00e1s de 30 sustancias antioxidantes.<\/li>\n<li><strong>Estimulante<\/strong>: el cacao contiene alcaloides estimulantes similares a los el caf\u00e9 o t\u00e9. Se trata de la teobromina que estimula el sistema nervioso aunque lo posee en menor concentraci\u00f3n que el caf\u00e9.<\/li>\n<li><strong>Euforizante<\/strong>: el cacao contiene feniletilamina que produce euforia y bienestar. Por eso se ha dicho siempre que el chocolate es antidepresivo.<\/li>\n<li><strong>Remineralizante<\/strong>: por su aporte de minerales fortalece el sistema inmune, previene anemias, refuerza la memoria, fortalece m\u00fasculos y huess.<\/li>\n<li><strong>Cosm\u00e9tica<\/strong>: se usan en masajes, productos de higiene, cremas antiedad, anticelul\u00edticos, tratamiento de manchas en la piel. Existen recetas caseras para preparar mascarillas y otros cosm\u00e9ticos con el cacao en polvo.<\/li>\n<\/ul>\n","protected":false},"excerpt":{"rendered":"<p>El cacao es el polvo que deriva del cacao, es amargo. Beneficios del cacao: Antioxidante: el polvo de cacao contiene m\u00e1s de 30 sustancias antioxidantes. Estimulante: el cacao contiene alcaloides estimulantes similares a los el caf\u00e9 o t\u00e9. Se trata de la teobromina que estimula el sistema nervioso aunque lo posee en menor concentraci\u00f3n que &hellip;<\/p>\n<p class=\"read-more\"> <a class=\"\" href=\"https:\/\/elguacamaya.com.uy\/index.php\/producto\/cacao-en-polvo\/\"> <span class=\"screen-reader-text\">Cacao en polvo<\/span> Leer m\u00e1s &raquo;<\/a><\/p>\n","protected":false},"featured_media":3770,"template":"","meta":{"site-sidebar-layout":"default","site-content-layout":"default","ast-global-header-display":"","ast-banner-title-visibility":"","ast-main-header-display":"","ast-hfb-above-header-display":"","ast-hfb-below-header-display":"","ast-hfb-mobile-header-display":"","site-post-title":"","ast-breadcrumbs-content":"","ast-featured-img":"","footer-sml-layout":"","theme-transparent-header-meta":"default","adv-header-id-meta":"","stick-header-meta":"","header-above-stick-meta":"","header-main-stick-meta":"","header-below-stick-meta":"","_joinchat":[]},"product_brand":[],"product_cat":[49],"product_tag":[],"class_list":{"0":"post-1274","1":"product","2":"type-product","3":"status-publish","4":"has-post-thumbnail","6":"product_cat-chocolates","7":"desktop-align-left","8":"tablet-align-left","9":"mobile-align-left","11":"first","12":"instock","13":"sale","14":"taxable","15":"shipping-taxable","16":"purchasable","17":"product-type-variable"},"_links":{"self":[{"href":"https:\/\/elguacamaya.com.uy\/index.php\/wp-json\/wp\/v2\/product\/1274","targetHints":{"allow":["GET"]}}],"collection":[{"href":"https:\/\/elguacamaya.com.uy\/index.php\/wp-json\/wp\/v2\/product"}],"about":[{"href":"https:\/\/elguacamaya.com.uy\/index.php\/wp-json\/wp\/v2\/types\/product"}],"version-history":[{"count":2,"href":"https:\/\/elguacamaya.com.uy\/index.php\/wp-json\/wp\/v2\/product\/1274\/revisions"}],"predecessor-version":[{"id":1280,"href":"https:\/\/elguacamaya.com.uy\/index.php\/wp-json\/wp\/v2\/product\/1274\/revisions\/1280"}],"wp:featuredmedia":[{"embeddable":true,"href":"https:\/\/elguacamaya.com.uy\/index.php\/wp-json\/wp\/v2\/media\/3770"}],"wp:attachment":[{"href":"https:\/\/elguacamaya.com.uy\/index.php\/wp-json\/wp\/v2\/media?parent=1274"}],"wp:term":[{"taxonomy":"product_brand","embeddable":true,"href":"https:\/\/elguacamaya.com.uy\/index.php\/wp-json\/wp\/v2\/product_brand?post=1274"},{"taxonomy":"product_cat","embeddable":true,"href":"https:\/\/elguacamaya.com.uy\/index.php\/wp-json\/wp\/v2\/product_cat?post=1274"},{"taxonomy":"product_tag","embeddable":true,"href":"https:\/\/elguacamaya.com.uy\/index.php\/wp-json\/wp\/v2\/product_tag?post=1274"}],"curies":[{"name":"wp","href":"https:\/\/api.w.org\/{rel}","templated":true}]}}