{"id":1219,"date":"2021-10-20T17:58:52","date_gmt":"2021-10-20T17:58:52","guid":{"rendered":"https:\/\/elguacamaya.com.uy\/?post_type=product&#038;p=1219"},"modified":"2025-05-06T19:59:44","modified_gmt":"2025-05-06T19:59:44","slug":"pimienta-5-bayas","status":"publish","type":"product","link":"https:\/\/elguacamaya.com.uy\/index.php\/producto\/pimienta-5-bayas\/","title":{"rendered":"Pimienta 5 bayas"},"content":{"rendered":"<p>La pimienta 5 bayas es una selecci\u00f3n de las variedades de pimienta verde, blanca, negra, pimienta de Jamaica y rosa.<\/p>\n<p>Por un lado, la verde, blanca y negra, se obtienen de la misma plata pero su color es diferente debido al tratamiento aplicado en de recolecci\u00f3n. Del mismo modo, la Pimienta de Jamaica es una pimienta que no lo es, ya que realmente es una baya que se recoge verde y se seca al sol, que es cuando toma su caracter\u00edstico color marr\u00f3n. Su sabor es una combinaci\u00f3n de clavo, nuez moscada y canela, que le da un toque muy peculiar a los platos.<br \/>\nY de igual manera, la Pimienta Rosa tambi\u00e9n es una baya y cuenta con sabor muy caracter\u00edstico y arom\u00e1tico en el que se mezcla el dulce, el c\u00edtrico y un ligero toque picante y fresco.<\/p>\n<p>Esta variedad de pimientas es ideal para platos de ensaladas, pastas, carnes, pescados, embutidos, y quesos, con las que conseguir\u00e1s un sabor muy exclusivo y peculiar.<\/p>\n","protected":false},"excerpt":{"rendered":"<p>La pimienta 5 bayas es una selecci\u00f3n de las variedades de pimienta verde, blanca, negra, pimienta de Jamaica y rosa. Por un lado, la verde, blanca y negra, se obtienen de la misma plata pero su color es diferente debido al tratamiento aplicado en de recolecci\u00f3n. Del mismo modo, la Pimienta de Jamaica es una &hellip;<\/p>\n<p class=\"read-more\"> <a class=\"\" href=\"https:\/\/elguacamaya.com.uy\/index.php\/producto\/pimienta-5-bayas\/\"> <span class=\"screen-reader-text\">Pimienta 5 bayas<\/span> Leer m\u00e1s &raquo;<\/a><\/p>\n","protected":false},"featured_media":4276,"template":"","meta":{"site-sidebar-layout":"default","site-content-layout":"default","ast-global-header-display":"","ast-banner-title-visibility":"","ast-main-header-display":"","ast-hfb-above-header-display":"","ast-hfb-below-header-display":"","ast-hfb-mobile-header-display":"","site-post-title":"","ast-breadcrumbs-content":"","ast-featured-img":"","footer-sml-layout":"","theme-transparent-header-meta":"default","adv-header-id-meta":"","stick-header-meta":"","header-above-stick-meta":"","header-main-stick-meta":"","header-below-stick-meta":"","_joinchat":[]},"product_brand":[],"product_cat":[23],"product_tag":[],"class_list":{"0":"post-1219","1":"product","2":"type-product","3":"status-publish","4":"has-post-thumbnail","6":"product_cat-condimentos","7":"desktop-align-left","8":"tablet-align-left","9":"mobile-align-left","11":"first","12":"instock","13":"taxable","14":"shipping-taxable","15":"purchasable","16":"product-type-variable"},"_links":{"self":[{"href":"https:\/\/elguacamaya.com.uy\/index.php\/wp-json\/wp\/v2\/product\/1219","targetHints":{"allow":["GET"]}}],"collection":[{"href":"https:\/\/elguacamaya.com.uy\/index.php\/wp-json\/wp\/v2\/product"}],"about":[{"href":"https:\/\/elguacamaya.com.uy\/index.php\/wp-json\/wp\/v2\/types\/product"}],"version-history":[{"count":1,"href":"https:\/\/elguacamaya.com.uy\/index.php\/wp-json\/wp\/v2\/product\/1219\/revisions"}],"predecessor-version":[{"id":1224,"href":"https:\/\/elguacamaya.com.uy\/index.php\/wp-json\/wp\/v2\/product\/1219\/revisions\/1224"}],"wp:featuredmedia":[{"embeddable":true,"href":"https:\/\/elguacamaya.com.uy\/index.php\/wp-json\/wp\/v2\/media\/4276"}],"wp:attachment":[{"href":"https:\/\/elguacamaya.com.uy\/index.php\/wp-json\/wp\/v2\/media?parent=1219"}],"wp:term":[{"taxonomy":"product_brand","embeddable":true,"href":"https:\/\/elguacamaya.com.uy\/index.php\/wp-json\/wp\/v2\/product_brand?post=1219"},{"taxonomy":"product_cat","embeddable":true,"href":"https:\/\/elguacamaya.com.uy\/index.php\/wp-json\/wp\/v2\/product_cat?post=1219"},{"taxonomy":"product_tag","embeddable":true,"href":"https:\/\/elguacamaya.com.uy\/index.php\/wp-json\/wp\/v2\/product_tag?post=1219"}],"curies":[{"name":"wp","href":"https:\/\/api.w.org\/{rel}","templated":true}]}}