{"id":1091,"date":"2021-10-20T18:18:00","date_gmt":"2021-10-20T18:18:00","guid":{"rendered":"https:\/\/elguacamaya.com.uy\/?post_type=product&#038;p=1091"},"modified":"2025-04-25T18:04:30","modified_gmt":"2025-04-25T18:04:30","slug":"clavo-de-olor","status":"publish","type":"product","link":"https:\/\/elguacamaya.com.uy\/index.php\/producto\/clavo-de-olor\/","title":{"rendered":"Clavo de olor"},"content":{"rendered":"<p>Esta especia se obtiene de secar las arom\u00e1ticas flores del \u00e1rbol del clavo. Procede de Indonesia y es usada en<br \/>\nlas cocinas de todo el mundo. El aroma de esta especia se debe al eugenol, uno de sus principales componentes que otorga a esta especia su potente y refrescante sabor. \u00a0Se debe usar en peque\u00f1as cantidades para que resulte agradable.<\/p>\n<p>En la cocina se usan enteros o molidos pero en poca cantidad. Hist\u00f3ricamente los clavos han sido usados<br \/>\nen la cocina india y desde all\u00ed se han extendido a todo el mundo.<\/p>\n<p>Beneficios:<br \/>\nEl eugenol tiene pronunciadas propiedades antis\u00e9pticas y anest\u00e9sicas, tambi\u00e9n antiinflamatorias y antimicrobianas.<\/p>\n<p>Su acci\u00f3n como antioxidante ayuda a proteger las c\u00e9lulas del da\u00f1o oxidativo, mientras que su efecto antimicrobiano combate bacterias, hongos y virus, siendo \u00fatil en infecciones leves como resfriados o infecciones bucales.<\/p>\n<p>Esta especia es conocida tambi\u00e9n por aliviar problemas digestivos como n\u00e1useas, indigesti\u00f3n y gases. Adem\u00e1s, se ha utilizado tradicionalmente para mitigar dolores de cabeza y musculares, as\u00ed como para fortalecer el sistema inmunol\u00f3gico. Su capacidad para estimular la circulaci\u00f3n sangu\u00ednea lo convierte en un aliado para la salud cardiovascular.<\/p>\n<p>Para aprovechar sus beneficios, puedes preparar una infusi\u00f3n agregando 3-4 clavos de olor en una taza de agua caliente. D\u00e9jalo reposar por 10 minutos y b\u00e9belo despu\u00e9s de las comidas para mejorar la digesti\u00f3n o en la ma\u00f1ana para reforzar tus defensas. Tambi\u00e9n puedes masticar un clavo de olor para aliviar dolores de muelas o refrescar el aliento.<\/p>\n<p>&nbsp;<\/p>\n","protected":false},"excerpt":{"rendered":"<p>Esta especia se obtiene de secar las arom\u00e1ticas flores del \u00e1rbol del clavo. Procede de Indonesia y es usada en las cocinas de todo el mundo. El aroma de esta especia se debe al eugenol, uno de sus principales componentes que otorga a esta especia su potente y refrescante sabor. \u00a0Se debe usar en peque\u00f1as &hellip;<\/p>\n<p class=\"read-more\"> <a class=\"\" href=\"https:\/\/elguacamaya.com.uy\/index.php\/producto\/clavo-de-olor\/\"> <span class=\"screen-reader-text\">Clavo de olor<\/span> Leer m\u00e1s &raquo;<\/a><\/p>\n","protected":false},"featured_media":3788,"template":"","meta":{"site-sidebar-layout":"default","site-content-layout":"default","ast-global-header-display":"","ast-banner-title-visibility":"","ast-main-header-display":"","ast-hfb-above-header-display":"","ast-hfb-below-header-display":"","ast-hfb-mobile-header-display":"","site-post-title":"","ast-breadcrumbs-content":"","ast-featured-img":"","footer-sml-layout":"","theme-transparent-header-meta":"default","adv-header-id-meta":"","stick-header-meta":"","header-above-stick-meta":"","header-main-stick-meta":"","header-below-stick-meta":"","_joinchat":[]},"product_brand":[],"product_cat":[23],"product_tag":[],"class_list":{"0":"post-1091","1":"product","2":"type-product","3":"status-publish","4":"has-post-thumbnail","6":"product_cat-condimentos","7":"desktop-align-left","8":"tablet-align-left","9":"mobile-align-left","11":"first","12":"instock","13":"taxable","14":"shipping-taxable","15":"purchasable","16":"product-type-variable"},"_links":{"self":[{"href":"https:\/\/elguacamaya.com.uy\/index.php\/wp-json\/wp\/v2\/product\/1091","targetHints":{"allow":["GET"]}}],"collection":[{"href":"https:\/\/elguacamaya.com.uy\/index.php\/wp-json\/wp\/v2\/product"}],"about":[{"href":"https:\/\/elguacamaya.com.uy\/index.php\/wp-json\/wp\/v2\/types\/product"}],"version-history":[{"count":3,"href":"https:\/\/elguacamaya.com.uy\/index.php\/wp-json\/wp\/v2\/product\/1091\/revisions"}],"predecessor-version":[{"id":4209,"href":"https:\/\/elguacamaya.com.uy\/index.php\/wp-json\/wp\/v2\/product\/1091\/revisions\/4209"}],"wp:featuredmedia":[{"embeddable":true,"href":"https:\/\/elguacamaya.com.uy\/index.php\/wp-json\/wp\/v2\/media\/3788"}],"wp:attachment":[{"href":"https:\/\/elguacamaya.com.uy\/index.php\/wp-json\/wp\/v2\/media?parent=1091"}],"wp:term":[{"taxonomy":"product_brand","embeddable":true,"href":"https:\/\/elguacamaya.com.uy\/index.php\/wp-json\/wp\/v2\/product_brand?post=1091"},{"taxonomy":"product_cat","embeddable":true,"href":"https:\/\/elguacamaya.com.uy\/index.php\/wp-json\/wp\/v2\/product_cat?post=1091"},{"taxonomy":"product_tag","embeddable":true,"href":"https:\/\/elguacamaya.com.uy\/index.php\/wp-json\/wp\/v2\/product_tag?post=1091"}],"curies":[{"name":"wp","href":"https:\/\/api.w.org\/{rel}","templated":true}]}}