{"id":1074,"date":"2021-10-20T17:22:13","date_gmt":"2021-10-20T17:22:13","guid":{"rendered":"https:\/\/elguacamaya.com.uy\/?post_type=product&#038;p=1074"},"modified":"2026-03-21T13:48:14","modified_gmt":"2026-03-21T13:48:14","slug":"canela-en-rama","status":"publish","type":"product","link":"https:\/\/elguacamaya.com.uy\/index.php\/producto\/canela-en-rama\/","title":{"rendered":"Canela en rama"},"content":{"rendered":"<p>La canela es una de las especias m\u00e1s antiguas que se conoce. Es originaria del Sureste asi\u00e1tico y se obtiene de la corteza interior de las ramas de un \u00e1rbol de la familia del laurel. Se caracteriza por un sabor dulce, con toques de madera, que despierta inmediatamente los sentidos y hace irresistible cualquier plato de reposter\u00eda.<\/p>\n<p>Usos<br \/>\nSe usa sobre todo en reposter\u00eda, para platos como\u00a0arroz con leche, flanes y multitud de tartas o bizcochos. Tambi\u00e9n se puede utilizar para dar un toque dulce a algunas carnes cocinadas al horno y para acompa\u00f1ar a algunas bebidas calientes como el chocolate o el t\u00e9.<\/p>\n<p>Beneficios<br \/>\nSu uso est\u00e1 indicado para los que padecen inapetencia o digestiones pesadas. La canela ayuda a reducir las cifras de az\u00facar en sangre y tambi\u00e9n est\u00e1n documentados sus efectos antioxidantes.<\/p>\n","protected":false},"excerpt":{"rendered":"<p>Ceyl\u00e1n<\/p>\n","protected":false},"featured_media":3792,"template":"","meta":{"site-sidebar-layout":"default","site-content-layout":"default","ast-global-header-display":"","ast-banner-title-visibility":"","ast-main-header-display":"","ast-hfb-above-header-display":"","ast-hfb-below-header-display":"","ast-hfb-mobile-header-display":"","site-post-title":"","ast-breadcrumbs-content":"","ast-featured-img":"","footer-sml-layout":"","theme-transparent-header-meta":"default","adv-header-id-meta":"","stick-header-meta":"","header-above-stick-meta":"","header-main-stick-meta":"","header-below-stick-meta":"","_joinchat":[]},"product_brand":[],"product_cat":[23],"product_tag":[],"class_list":{"0":"post-1074","1":"product","2":"type-product","3":"status-publish","4":"has-post-thumbnail","6":"product_cat-condimentos","7":"desktop-align-left","8":"tablet-align-left","9":"mobile-align-left","11":"first","12":"instock","13":"taxable","14":"shipping-taxable","15":"purchasable","16":"product-type-variable"},"_links":{"self":[{"href":"https:\/\/elguacamaya.com.uy\/index.php\/wp-json\/wp\/v2\/product\/1074","targetHints":{"allow":["GET"]}}],"collection":[{"href":"https:\/\/elguacamaya.com.uy\/index.php\/wp-json\/wp\/v2\/product"}],"about":[{"href":"https:\/\/elguacamaya.com.uy\/index.php\/wp-json\/wp\/v2\/types\/product"}],"version-history":[{"count":3,"href":"https:\/\/elguacamaya.com.uy\/index.php\/wp-json\/wp\/v2\/product\/1074\/revisions"}],"predecessor-version":[{"id":5003,"href":"https:\/\/elguacamaya.com.uy\/index.php\/wp-json\/wp\/v2\/product\/1074\/revisions\/5003"}],"wp:featuredmedia":[{"embeddable":true,"href":"https:\/\/elguacamaya.com.uy\/index.php\/wp-json\/wp\/v2\/media\/3792"}],"wp:attachment":[{"href":"https:\/\/elguacamaya.com.uy\/index.php\/wp-json\/wp\/v2\/media?parent=1074"}],"wp:term":[{"taxonomy":"product_brand","embeddable":true,"href":"https:\/\/elguacamaya.com.uy\/index.php\/wp-json\/wp\/v2\/product_brand?post=1074"},{"taxonomy":"product_cat","embeddable":true,"href":"https:\/\/elguacamaya.com.uy\/index.php\/wp-json\/wp\/v2\/product_cat?post=1074"},{"taxonomy":"product_tag","embeddable":true,"href":"https:\/\/elguacamaya.com.uy\/index.php\/wp-json\/wp\/v2\/product_tag?post=1074"}],"curies":[{"name":"wp","href":"https:\/\/api.w.org\/{rel}","templated":true}]}}