{"id":1017,"date":"2021-10-21T17:51:31","date_gmt":"2021-10-21T17:51:31","guid":{"rendered":"https:\/\/elguacamaya.com.uy\/?post_type=product&#038;p=1017"},"modified":"2025-02-21T14:18:49","modified_gmt":"2025-02-21T14:18:49","slug":"anana-en-rodaja-confitada","status":"publish","type":"product","link":"https:\/\/elguacamaya.com.uy\/index.php\/producto\/anana-en-rodaja-confitada\/","title":{"rendered":"Anan\u00e1 en rodaja confitada"},"content":{"rendered":"<p>El anan\u00e1 es una fruta rica en carbohidratos y minerales como el potasio. Sus ingredientes son anan\u00e1 y az\u00facar. Pueden ser una colaci\u00f3n, un gusto dulce y quedan buen\u00edsimos combinados con otros frutos secos a elecci\u00f3n.<\/p>\n","protected":false},"excerpt":{"rendered":"<p>El anan\u00e1 es una fruta rica en carbohidratos y minerales como el potasio. Sus ingredientes son anan\u00e1 y az\u00facar. Pueden ser una colaci\u00f3n, un gusto dulce y quedan buen\u00edsimos combinados con otros frutos secos a elecci\u00f3n.<\/p>\n","protected":false},"featured_media":3779,"template":"","meta":{"site-sidebar-layout":"default","site-content-layout":"default","ast-global-header-display":"","ast-banner-title-visibility":"","ast-main-header-display":"","ast-hfb-above-header-display":"","ast-hfb-below-header-display":"","ast-hfb-mobile-header-display":"","site-post-title":"","ast-breadcrumbs-content":"","ast-featured-img":"","footer-sml-layout":"","theme-transparent-header-meta":"default","adv-header-id-meta":"","stick-header-meta":"","header-above-stick-meta":"","header-main-stick-meta":"","header-below-stick-meta":"","_joinchat":[]},"product_brand":[],"product_cat":[36],"product_tag":[],"class_list":{"0":"post-1017","1":"product","2":"type-product","3":"status-publish","4":"has-post-thumbnail","6":"product_cat-frutas-secos-y-deshidratados","7":"desktop-align-left","8":"tablet-align-left","9":"mobile-align-left","11":"first","12":"instock","13":"taxable","14":"shipping-taxable","15":"purchasable","16":"product-type-variable"},"_links":{"self":[{"href":"https:\/\/elguacamaya.com.uy\/index.php\/wp-json\/wp\/v2\/product\/1017","targetHints":{"allow":["GET"]}}],"collection":[{"href":"https:\/\/elguacamaya.com.uy\/index.php\/wp-json\/wp\/v2\/product"}],"about":[{"href":"https:\/\/elguacamaya.com.uy\/index.php\/wp-json\/wp\/v2\/types\/product"}],"version-history":[{"count":1,"href":"https:\/\/elguacamaya.com.uy\/index.php\/wp-json\/wp\/v2\/product\/1017\/revisions"}],"predecessor-version":[{"id":1022,"href":"https:\/\/elguacamaya.com.uy\/index.php\/wp-json\/wp\/v2\/product\/1017\/revisions\/1022"}],"wp:featuredmedia":[{"embeddable":true,"href":"https:\/\/elguacamaya.com.uy\/index.php\/wp-json\/wp\/v2\/media\/3779"}],"wp:attachment":[{"href":"https:\/\/elguacamaya.com.uy\/index.php\/wp-json\/wp\/v2\/media?parent=1017"}],"wp:term":[{"taxonomy":"product_brand","embeddable":true,"href":"https:\/\/elguacamaya.com.uy\/index.php\/wp-json\/wp\/v2\/product_brand?post=1017"},{"taxonomy":"product_cat","embeddable":true,"href":"https:\/\/elguacamaya.com.uy\/index.php\/wp-json\/wp\/v2\/product_cat?post=1017"},{"taxonomy":"product_tag","embeddable":true,"href":"https:\/\/elguacamaya.com.uy\/index.php\/wp-json\/wp\/v2\/product_tag?post=1017"}],"curies":[{"name":"wp","href":"https:\/\/api.w.org\/{rel}","templated":true}]}}