{"id":3,"date":"2020-11-11T19:46:42","date_gmt":"2020-11-11T19:46:42","guid":{"rendered":"https:\/\/elguacamaya.com.uy\/?page_id=3"},"modified":"2021-10-01T21:23:20","modified_gmt":"2021-10-01T21:23:20","slug":"politica-privacidad","status":"publish","type":"page","link":"https:\/\/elguacamaya.com.uy\/index.php\/politica-privacidad\/","title":{"rendered":"Pol\u00edtica de privacidad"},"content":{"rendered":"\t\t<div data-elementor-type=\"wp-page\" data-elementor-id=\"3\" class=\"elementor elementor-3\" data-elementor-post-type=\"page\">\n\t\t\t\t\t\t<section class=\"elementor-section elementor-top-section elementor-element elementor-element-96a965a elementor-section-boxed elementor-section-height-default elementor-section-height-default\" data-id=\"96a965a\" data-element_type=\"section\">\n\t\t\t\t\t\t<div class=\"elementor-container elementor-column-gap-default\">\n\t\t\t\t\t<div class=\"elementor-column elementor-col-100 elementor-top-column elementor-element elementor-element-174179b\" data-id=\"174179b\" data-element_type=\"column\">\n\t\t\t<div class=\"elementor-widget-wrap elementor-element-populated\">\n\t\t\t\t\t\t<div class=\"elementor-element elementor-element-ed11bf4 elementor-widget elementor-widget-heading\" data-id=\"ed11bf4\" data-element_type=\"widget\" data-widget_type=\"heading.default\">\n\t\t\t\t<div class=\"elementor-widget-container\">\n\t\t\t\t\t<h1 class=\"elementor-heading-title elementor-size-default\">Pol\u00edtica de privacidad<\/h1>\t\t\t\t<\/div>\n\t\t\t\t<\/div>\n\t\t\t\t<div class=\"elementor-element elementor-element-3082bb5 elementor-widget elementor-widget-text-editor\" data-id=\"3082bb5\" data-element_type=\"widget\" data-widget_type=\"text-editor.default\">\n\t\t\t\t<div class=\"elementor-widget-container\">\n\t\t\t\t\t\t\t\t\t<p>Esta p\u00e1gina se utiliza para informar a los usuarios sobre nuestras pol\u00edticas con la recopilaci\u00f3n, el uso y la divulgaci\u00f3n de informaci\u00f3n personal para aquellos que utilicen estas aplicaciones y los sitios web.<\/p>\n<p>La informaci\u00f3n personal que recopilamos se usa para proporcionar y mejorar el servicio. No utilizaremos ni compartiremos su informaci\u00f3n, excepto como se describe en esta Pol\u00edtica de privacidad.<\/p>\n<p>\u00a0<\/p>\n<h2>Recopilaci\u00f3n y uso de informaci\u00f3n<\/h2>\n<p><!-- \/wp:heading --><!-- wp:paragraph --><\/p>\n<p>Para una mejor experiencia, es posible que le solicitemos que nos brinde cierta informaci\u00f3n, que incluye pero no se limita a nombre, tel\u00e9fono, direcci\u00f3n, ubicaci\u00f3n, correo electr\u00f3nico. La informaci\u00f3n que solicitamos ser\u00e1 almacenada por nosotros y utilizada seg\u00fan se describe en esta pol\u00edtica de privacidad.<\/p>\n<p><!-- \/wp:paragraph --><!-- wp:heading --><\/p>\n<h2>\u00a0<\/h2>\n<h2>Cookies<\/h2>\n<p><!-- \/wp:heading --><!-- wp:heading {\"level\":3} --><!-- \/wp:heading --><!-- wp:paragraph --><\/p>\n<p>Las cookies son archivos con una peque\u00f1a cantidad de datos que se utilizan com\u00fanmente como identificadores \u00fanicos an\u00f3nimos. Estos se env\u00edan a su navegador desde los sitios web que visita y se almacenan en la memoria interna de su dispositivo.<\/p>\n<p>La aplicaci\u00f3n puede usar c\u00f3digos de terceros y bibliotecas que usan \u00abcookies\u00bb para recopilar informaci\u00f3n y mejorar sus servicios. Usted tiene la opci\u00f3n de aceptar o rechazar estas cookies y saber cu\u00e1ndo se est\u00e1 enviando una cookie a su dispositivo. Si decide rechazar nuestras cookies, es posible que no pueda utilizar algunas partes de este servicio.<\/p>\n<p><!-- \/wp:paragraph --><!-- wp:heading {\"level\":3} --><\/p>\n<h2>\u00a0<\/h2>\n<h2>Seguridad<\/h2>\n<p><!-- \/wp:heading --><!-- wp:paragraph --><\/p>\n<p>Valoramos su confianza al proporcionarnos su informaci\u00f3n personal, por lo tanto, nos esforzamos por utilizar medios comercialmente aceptables para protegerla. Pero recuerde que ning\u00fan m\u00e9todo de transmisi\u00f3n a trav\u00e9s de Internet o m\u00e9todo de almacenamiento electr\u00f3nico es 100% seguro y confiable, y no podemos garantizar la seguridad absoluta.<\/p>\n<p><!-- \/wp:paragraph --><!-- wp:heading {\"level\":3} --><\/p>\n<h2>\u00a0<\/h2>\n<h2>Cambios a esta pol\u00edtica de privacidad<\/h2>\n<p><!-- \/wp:heading --><!-- wp:paragraph --><\/p>\n<p>Podemos actualizar nuestra Pol\u00edtica de privacidad, por lo tanto, se recomienda revisar esta p\u00e1gina peri\u00f3dicamente para cualquier cambio. Le notificaremos cualquier cambio mediante la publicaci\u00f3n de la nueva Pol\u00edtica de privacidad en esta p\u00e1gina. Estos cambios entrar\u00e1n en vigencia inmediatamente despu\u00e9s de su publicaci\u00f3n en esta p\u00e1gina.<\/p>\n<p><!-- \/wp:paragraph --><!-- wp:heading {\"level\":3} --><\/p>\n<div class=\"et_pb_column et_pb_column_1_4 et_pb_column_10  et_pb_css_mix_blend_mode_passthrough\">\n<div class=\"et_pb_module et_pb_text et_pb_text_10 et_pb_text_align_left et_pb_bg_layout_light et_had_animation\">\n<div class=\"et_pb_text_inner\">\n<h2>\u00a0<\/h2>\n<h2>Derecho aplicable y jurisdicci\u00f3n<\/h2>\n<\/div>\n<\/div>\n<\/div>\n<div class=\"et_pb_column et_pb_column_3_4 et_pb_column_11  et_pb_css_mix_blend_mode_passthrough et-last-child\">\n<div class=\"et_pb_module et_pb_text et_pb_text_11 et_pb_text_align_left et_pb_bg_layout_light et_had_animation\">\n<div class=\"et_pb_text_inner\">\n<p>De conformidad con la Ley N\u00b0 18.331, de 11 de agosto de 2008, de Protecci\u00f3n de Datos Personales y Acci\u00f3n de Habeas Data (LPDP, los datos suministrados por usted quedar\u00e1n incorporados en una base de datos, la cual ser\u00e1 tratada por Impuesto Team Personalizado Contadores a efectos de comunicarse con Ud. o enviar informaci\u00f3n relevante que pueda ser de su inter\u00e9s en temas vinculados a sus tr\u00e1mites, gestiones, entre otros).<\/p>\n<p>En el tratamiento de los datos personales se garantizar\u00e1 un nivel de protecci\u00f3n adecuado y se guardar\u00e1 estricto secreto profesional sobre \u00e9stos, de acuerdo con lo dispuesto por el art\u00edculo 302 del C\u00f3digo Penal.<\/p>\n<p>Asimismo se tomar\u00e1n las medidas de seguridad necesarias para evitar su alteraci\u00f3n, p\u00e9rdida, tratamiento o acceso no autorizado por parte de terceros.<\/p>\n<p>La direcci\u00f3n donde podr\u00e1 ejercer los derechos de acceso, rectificaci\u00f3n, actualizaci\u00f3n, inclusi\u00f3n o supresi\u00f3n, es Guayabos 1718 oficina 503. CP 11200, Edificio Arcos Ferrand, Montevideo, seg\u00fan lo establecido en la LPDP.<\/p>\n<h2>\u00a0<\/h2>\n<h2>Cont\u00e1ctenos<\/h2>\n<div id=\"main-content\">\n<article id=\"post-1138\" class=\"post-1138 page type-page status-publish hentry\">\n<div class=\"entry-content\">\n<div class=\"et-l et-l--post\">\n<div class=\"et_builder_inner_content et_pb_gutters3\">\n<div class=\"et_pb_section et_pb_section_1 et_section_regular\">\n<div class=\"et_pb_with_border et_pb_row et_pb_row_6 et_pb_row_1-4_3-4\">\n<div class=\"et_pb_column et_pb_column_3_4 et_pb_column_13  et_pb_css_mix_blend_mode_passthrough et-last-child\">\n<div class=\"et_pb_module et_pb_text et_pb_text_13 et_pb_text_align_left et_pb_bg_layout_light et_had_animation\">\n<div class=\"et_pb_text_inner\">\n<div id=\"left-area\">\n<article id=\"post-1132\" class=\"post-1132 page type-page status-publish hentry\">\n<div class=\"entry-content\">\n<p>Si tiene alguna pregunta o sugerencia sobre nuestra Pol\u00edtica de privacidad, no dude en contactarnos.<\/p>\n<\/div>\n<\/article>\n<\/div>\n<\/div>\n<\/div>\n<\/div>\n<\/div>\n<\/div>\n<\/div>\n<\/div>\n<\/div>\n<\/article>\n<\/div>\n<footer class=\"et-l et-l--footer\">\n<div class=\"et_builder_inner_content et_pb_gutters3\">\n<div class=\"et_pb_section et_pb_section_0_tb_footer et_pb_with_background et_section_regular\">\n<div class=\"et_pb_row et_pb_row_0_tb_footer\">\n<div class=\"et_pb_column et_pb_column_1_3 et_pb_column_0_tb_footer  et_pb_css_mix_blend_mode_passthrough\">\n<div class=\"et_pb_module et_pb_blurb et_pb_blurb_0_tb_footer  et_pb_text_align_center  et_pb_blurb_position_left et_pb_bg_layout_dark\">\n<div class=\"et_pb_blurb_content\">\n<div class=\"et_pb_main_blurb_image\">\u00a0<\/div>\n<\/div>\n<\/div>\n<\/div>\n<\/div>\n<\/div>\n<\/div>\n<\/footer><\/div>\n<\/div>\n<\/div>\t\t\t\t\t\t\t\t<\/div>\n\t\t\t\t<\/div>\n\t\t\t\t\t<\/div>\n\t\t<\/div>\n\t\t\t\t\t<\/div>\n\t\t<\/section>\n\t\t\t\t<\/div>\n\t\t","protected":false},"excerpt":{"rendered":"<p>Pol\u00edtica de privacidad Esta p\u00e1gina se utiliza para informar a los usuarios sobre nuestras pol\u00edticas con la recopilaci\u00f3n, el uso y la divulgaci\u00f3n de informaci\u00f3n personal para aquellos que utilicen estas aplicaciones y los sitios web. La informaci\u00f3n personal que recopilamos se usa para proporcionar y mejorar el servicio. No utilizaremos ni compartiremos su informaci\u00f3n, &hellip;<\/p>\n<p class=\"read-more\"> <a class=\"\" href=\"https:\/\/elguacamaya.com.uy\/index.php\/politica-privacidad\/\"> <span class=\"screen-reader-text\">Pol\u00edtica de privacidad<\/span> Leer m\u00e1s &raquo;<\/a><\/p>\n","protected":false},"author":1,"featured_media":0,"parent":0,"menu_order":0,"comment_status":"closed","ping_status":"closed","template":"","meta":{"site-sidebar-layout":"no-sidebar","site-content-layout":"content-boxed-container","ast-global-header-display":"","ast-banner-title-visibility":"","ast-main-header-display":"","ast-hfb-above-header-display":"","ast-hfb-below-header-display":"","ast-hfb-mobile-header-display":"","site-post-title":"disabled","ast-breadcrumbs-content":"","ast-featured-img":"disabled","footer-sml-layout":"","theme-transparent-header-meta":"default","adv-header-id-meta":"","stick-header-meta":"","header-above-stick-meta":"","header-main-stick-meta":"","header-below-stick-meta":"","_joinchat":[],"footnotes":""},"class_list":["post-3","page","type-page","status-publish","hentry"],"_links":{"self":[{"href":"https:\/\/elguacamaya.com.uy\/index.php\/wp-json\/wp\/v2\/pages\/3","targetHints":{"allow":["GET"]}}],"collection":[{"href":"https:\/\/elguacamaya.com.uy\/index.php\/wp-json\/wp\/v2\/pages"}],"about":[{"href":"https:\/\/elguacamaya.com.uy\/index.php\/wp-json\/wp\/v2\/types\/page"}],"author":[{"embeddable":true,"href":"https:\/\/elguacamaya.com.uy\/index.php\/wp-json\/wp\/v2\/users\/1"}],"replies":[{"embeddable":true,"href":"https:\/\/elguacamaya.com.uy\/index.php\/wp-json\/wp\/v2\/comments?post=3"}],"version-history":[{"count":5,"href":"https:\/\/elguacamaya.com.uy\/index.php\/wp-json\/wp\/v2\/pages\/3\/revisions"}],"predecessor-version":[{"id":1106,"href":"https:\/\/elguacamaya.com.uy\/index.php\/wp-json\/wp\/v2\/pages\/3\/revisions\/1106"}],"wp:attachment":[{"href":"https:\/\/elguacamaya.com.uy\/index.php\/wp-json\/wp\/v2\/media?parent=3"}],"curies":[{"name":"wp","href":"https:\/\/api.w.org\/{rel}","templated":true}]}}