{"id":140,"date":"2020-11-23T19:43:42","date_gmt":"2020-11-23T19:43:42","guid":{"rendered":"https:\/\/elguacamaya.com.uy\/index.php\/pagina-de-inicio\/"},"modified":"2025-12-22T21:34:13","modified_gmt":"2025-12-22T21:34:13","slug":"pagina-de-inicio","status":"publish","type":"page","link":"https:\/\/elguacamaya.com.uy\/","title":{"rendered":"Inicio"},"content":{"rendered":"\t\t<div data-elementor-type=\"wp-page\" data-elementor-id=\"140\" class=\"elementor elementor-140\" data-elementor-post-type=\"page\">\n\t\t\t\t\t\t<section class=\"elementor-section elementor-top-section elementor-element elementor-element-b46be95 elementor-section-full_width elementor-section-height-min-height elementor-section-content-middle elementor-section-height-default elementor-section-items-middle\" data-id=\"b46be95\" data-element_type=\"section\" data-settings=\"{&quot;background_background&quot;:&quot;classic&quot;}\">\n\t\t\t\t\t\t\t<div class=\"elementor-background-overlay\"><\/div>\n\t\t\t\t\t\t\t<div class=\"elementor-container elementor-column-gap-default\">\n\t\t\t\t\t<div class=\"elementor-column elementor-col-100 elementor-top-column elementor-element elementor-element-af2b44f\" data-id=\"af2b44f\" data-element_type=\"column\" data-settings=\"{&quot;background_background&quot;:&quot;classic&quot;}\">\n\t\t\t<div class=\"elementor-widget-wrap elementor-element-populated\">\n\t\t\t\t\t\t<div class=\"elementor-element elementor-element-97b814d elementor-hidden-phone elementor-widget elementor-widget-heading\" data-id=\"97b814d\" data-element_type=\"widget\" data-widget_type=\"heading.default\">\n\t\t\t\t<div class=\"elementor-widget-container\">\n\t\t\t\t\t<h1 class=\"elementor-heading-title elementor-size-default\">Que la alimentaci\u00f3n consciente<br>sea parte de tu vida<\/h1>\t\t\t\t<\/div>\n\t\t\t\t<\/div>\n\t\t\t\t\t<\/div>\n\t\t<\/div>\n\t\t\t\t\t<\/div>\n\t\t<\/section>\n\t\t\t\t<section class=\"elementor-section elementor-top-section elementor-element elementor-element-a102a21 elementor-section-boxed elementor-section-height-default elementor-section-height-default\" data-id=\"a102a21\" data-element_type=\"section\">\n\t\t\t\t\t\t<div class=\"elementor-container elementor-column-gap-default\">\n\t\t\t\t\t<div class=\"elementor-column elementor-col-100 elementor-top-column elementor-element elementor-element-93e00d4\" data-id=\"93e00d4\" data-element_type=\"column\">\n\t\t\t<div class=\"elementor-widget-wrap elementor-element-populated\">\n\t\t\t\t\t\t<div class=\"elementor-element elementor-element-223dea6 elementor-widget elementor-widget-spacer\" data-id=\"223dea6\" data-element_type=\"widget\" data-widget_type=\"spacer.default\">\n\t\t\t\t<div class=\"elementor-widget-container\">\n\t\t\t\t\t\t\t<div class=\"elementor-spacer\">\n\t\t\t<div class=\"elementor-spacer-inner\"><\/div>\n\t\t<\/div>\n\t\t\t\t\t\t<\/div>\n\t\t\t\t<\/div>\n\t\t\t\t<div class=\"elementor-element elementor-element-3119d69 elementor-hidden-desktop elementor-hidden-tablet elementor-widget elementor-widget-heading\" data-id=\"3119d69\" data-element_type=\"widget\" data-widget_type=\"heading.default\">\n\t\t\t\t<div class=\"elementor-widget-container\">\n\t\t\t\t\t<h1 class=\"elementor-heading-title elementor-size-default\">Que la alimentaci\u00f3n consciente sea parte de tu vida<\/h1>\t\t\t\t<\/div>\n\t\t\t\t<\/div>\n\t\t\t\t<div class=\"elementor-element elementor-element-0fa2167 elementor-widget elementor-widget-spacer\" data-id=\"0fa2167\" data-element_type=\"widget\" data-widget_type=\"spacer.default\">\n\t\t\t\t<div class=\"elementor-widget-container\">\n\t\t\t\t\t\t\t<div class=\"elementor-spacer\">\n\t\t\t<div class=\"elementor-spacer-inner\"><\/div>\n\t\t<\/div>\n\t\t\t\t\t\t<\/div>\n\t\t\t\t<\/div>\n\t\t\t\t<div class=\"elementor-element elementor-element-0ca3204 elementor-grid-2 elementor-grid-tablet-2 elementor-grid-mobile-1 elementor-widget elementor-widget-pp-categories\" data-id=\"0ca3204\" data-element_type=\"widget\" data-settings=\"{&quot;columns&quot;:&quot;2&quot;,&quot;layout&quot;:&quot;grid&quot;,&quot;columns_tablet&quot;:&quot;2&quot;,&quot;columns_mobile&quot;:&quot;1&quot;}\" data-widget_type=\"pp-categories.default\">\n\t\t\t\t<div class=\"elementor-widget-container\">\n\t\t\t\t\t\t\t<div class=\"pp-categories pp-categories-grid pp-categories-cover\">\n\t\t\t<div class=\"elementor-grid\">\n\t\t\t\t\t\t\t\t\t\t\t<div class=\"pp-category pp-grid-item elementor-grid-item\" id=\"pp-cat-23\">\n\t\t\t\t\t\t\t\t<a href=\"https:\/\/elguacamaya.com.uy\/index.php\/categoria-producto\/condimentos\/\" class=\"pp-category-link\">\n\t\t\t\t\t\t\t\t\t\t\t<div class=\"pp-category-inner\">\n\t\t\t\t\t\t<img decoding=\"async\" src=\"https:\/\/elguacamaya.com.uy\/wp-content\/uploads\/2021\/10\/especias-hierbas_1339-199.jpg\" alt=\"Condimentos\">\n\t\t\t\t\t\t<div class=\"pp-media-overlay\"><\/div>\n\t\t\t<div class=\"pp-category-content-wrap\">\n\t\t\t\t<div class=\"pp-category-content\">\n\t\t\t\t\t<div class=\"pp-category-title\">Condimentos<\/div>\t\t\t<div class=\"pp-category-count\">\n\t\t\t\t48 productos\t\t\t<\/div>\n\t\t\t\t\t\t\t<\/div>\n\t\t\t<\/div>\n\t\t<\/div>\n\t\t\t\t\t\t\t\t\t\t<\/a>\n\t\t\t\t\t\t\t<\/div>\n\t\t\t\t\t\t\t\t\t\t\t\t\t\t<div class=\"pp-category pp-grid-item elementor-grid-item\" id=\"pp-cat-36\">\n\t\t\t\t\t\t\t\t<a href=\"https:\/\/elguacamaya.com.uy\/index.php\/categoria-producto\/frutas-secos-y-deshidratados\/\" class=\"pp-category-link\">\n\t\t\t\t\t\t\t\t\t\t\t<div class=\"pp-category-inner\">\n\t\t\t\t\t\t<img decoding=\"async\" src=\"https:\/\/elguacamaya.com.uy\/wp-content\/uploads\/2021\/10\/vista-superior-concepto-deliciosos-frutos-secos_23-2148694021.jpg\" alt=\"Frutos secos y deshidratados\">\n\t\t\t\t\t\t<div class=\"pp-media-overlay\"><\/div>\n\t\t\t<div class=\"pp-category-content-wrap\">\n\t\t\t\t<div class=\"pp-category-content\">\n\t\t\t\t\t<div class=\"pp-category-title\">Frutos secos y deshidratados<\/div>\t\t\t<div class=\"pp-category-count\">\n\t\t\t\t44 productos\t\t\t<\/div>\n\t\t\t\t\t\t\t<\/div>\n\t\t\t<\/div>\n\t\t<\/div>\n\t\t\t\t\t\t\t\t\t\t<\/a>\n\t\t\t\t\t\t\t<\/div>\n\t\t\t\t\t\t\t\t\t\t<\/div>\n\t\t\t\t\t<\/div>\n\t\t\t\t\t\t<\/div>\n\t\t\t\t<\/div>\n\t\t\t\t<div class=\"elementor-element elementor-element-1b30e5c elementor-grid-2 elementor-grid-tablet-2 elementor-grid-mobile-1 elementor-widget elementor-widget-pp-categories\" data-id=\"1b30e5c\" data-element_type=\"widget\" data-settings=\"{&quot;columns&quot;:&quot;2&quot;,&quot;layout&quot;:&quot;grid&quot;,&quot;columns_tablet&quot;:&quot;2&quot;,&quot;columns_mobile&quot;:&quot;1&quot;}\" data-widget_type=\"pp-categories.default\">\n\t\t\t\t<div class=\"elementor-widget-container\">\n\t\t\t\t\t\t\t<div class=\"pp-categories pp-categories-grid pp-categories-cover\">\n\t\t\t<div class=\"elementor-grid\">\n\t\t\t\t\t\t\t\t\t\t\t<div class=\"pp-category pp-grid-item elementor-grid-item\" id=\"pp-cat-27\">\n\t\t\t\t\t\t\t\t<a href=\"https:\/\/elguacamaya.com.uy\/index.php\/categoria-producto\/productos-de-panaderia\/\" class=\"pp-category-link\">\n\t\t\t\t\t\t\t\t\t\t\t<div class=\"pp-category-inner\">\n\t\t\t\t\t\t<img decoding=\"async\" src=\"https:\/\/elguacamaya.com.uy\/wp-content\/uploads\/2021\/10\/delicioso-pan-bagels-huevos-sobre-mesa_144627-8666.jpg\" alt=\"Productos de panader\u00eda\">\n\t\t\t\t\t\t<div class=\"pp-media-overlay\"><\/div>\n\t\t\t<div class=\"pp-category-content-wrap\">\n\t\t\t\t<div class=\"pp-category-content\">\n\t\t\t\t\t<div class=\"pp-category-title\">Productos de panader\u00eda<\/div>\t\t\t<div class=\"pp-category-count\">\n\t\t\t\t47 productos\t\t\t<\/div>\n\t\t\t\t\t\t\t<\/div>\n\t\t\t<\/div>\n\t\t<\/div>\n\t\t\t\t\t\t\t\t\t\t<\/a>\n\t\t\t\t\t\t\t<\/div>\n\t\t\t\t\t\t\t\t\t\t\t\t\t\t<div class=\"pp-category pp-grid-item elementor-grid-item\" id=\"pp-cat-35\">\n\t\t\t\t\t\t\t\t<a href=\"https:\/\/elguacamaya.com.uy\/index.php\/categoria-producto\/productos-de-reposteria\/\" class=\"pp-category-link\">\n\t\t\t\t\t\t\t\t\t\t\t<div class=\"pp-category-inner\">\n\t\t\t\t\t\t<img decoding=\"async\" src=\"https:\/\/elguacamaya.com.uy\/wp-content\/uploads\/2021\/10\/rompiendo-huevo-borde_329181-17880.jpg\" alt=\"Productos de reposter\u00eda\">\n\t\t\t\t\t\t<div class=\"pp-media-overlay\"><\/div>\n\t\t\t<div class=\"pp-category-content-wrap\">\n\t\t\t\t<div class=\"pp-category-content\">\n\t\t\t\t\t<div class=\"pp-category-title\">Productos de reposter\u00eda<\/div>\t\t\t<div class=\"pp-category-count\">\n\t\t\t\t87 productos\t\t\t<\/div>\n\t\t\t\t\t\t\t<\/div>\n\t\t\t<\/div>\n\t\t<\/div>\n\t\t\t\t\t\t\t\t\t\t<\/a>\n\t\t\t\t\t\t\t<\/div>\n\t\t\t\t\t\t\t\t\t\t<\/div>\n\t\t\t\t\t<\/div>\n\t\t\t\t\t\t<\/div>\n\t\t\t\t<\/div>\n\t\t\t\t<div class=\"elementor-element elementor-element-6d4dddd elementor-grid-2 elementor-grid-tablet-2 elementor-grid-mobile-1 elementor-widget elementor-widget-pp-categories\" data-id=\"6d4dddd\" data-element_type=\"widget\" data-settings=\"{&quot;columns&quot;:&quot;2&quot;,&quot;layout&quot;:&quot;grid&quot;,&quot;columns_tablet&quot;:&quot;2&quot;,&quot;columns_mobile&quot;:&quot;1&quot;}\" data-widget_type=\"pp-categories.default\">\n\t\t\t\t<div class=\"elementor-widget-container\">\n\t\t\t\t\t\t\t<div class=\"pp-categories pp-categories-grid pp-categories-cover\">\n\t\t\t<div class=\"elementor-grid\">\n\t\t\t\t\t\t\t\t\t\t\t<div class=\"pp-category pp-grid-item elementor-grid-item\" id=\"pp-cat-26\">\n\t\t\t\t\t\t\t\t<a href=\"https:\/\/elguacamaya.com.uy\/index.php\/categoria-producto\/cereales-granos-y-semillas\/\" class=\"pp-category-link\">\n\t\t\t\t\t\t\t\t\t\t\t<div class=\"pp-category-inner\">\n\t\t\t\t\t\t<img decoding=\"async\" src=\"https:\/\/elguacamaya.com.uy\/wp-content\/uploads\/2021\/10\/marron-rico-crudo-tazon-madera_74190-6181.jpg\" alt=\"Cereales, granos y semillas\">\n\t\t\t\t\t\t<div class=\"pp-media-overlay\"><\/div>\n\t\t\t<div class=\"pp-category-content-wrap\">\n\t\t\t\t<div class=\"pp-category-content\">\n\t\t\t\t\t<div class=\"pp-category-title\">Cereales, granos y semillas<\/div>\t\t\t<div class=\"pp-category-count\">\n\t\t\t\t51 productos\t\t\t<\/div>\n\t\t\t\t\t\t\t<\/div>\n\t\t\t<\/div>\n\t\t<\/div>\n\t\t\t\t\t\t\t\t\t\t<\/a>\n\t\t\t\t\t\t\t<\/div>\n\t\t\t\t\t\t\t\t\t\t\t\t\t\t<div class=\"pp-category pp-grid-item elementor-grid-item\" id=\"pp-cat-54\">\n\t\t\t\t\t\t\t\t<a href=\"https:\/\/elguacamaya.com.uy\/index.php\/categoria-producto\/productos-saludables-adu-acelu-y-organicos\/\" class=\"pp-category-link\">\n\t\t\t\t\t\t\t\t\t\t\t<div class=\"pp-category-inner\">\n\t\t\t\t\t\t<img decoding=\"async\" src=\"https:\/\/elguacamaya.com.uy\/wp-content\/uploads\/2021\/11\/categoria_otros-768x432.jpg\" alt=\"Productos saludables, Adu, Acelu y Org\u00e1nicos\">\n\t\t\t\t\t\t<div class=\"pp-media-overlay\"><\/div>\n\t\t\t<div class=\"pp-category-content-wrap\">\n\t\t\t\t<div class=\"pp-category-content\">\n\t\t\t\t\t<div class=\"pp-category-title\">Productos saludables, Adu, Acelu y Org\u00e1nicos<\/div>\t\t\t<div class=\"pp-category-count\">\n\t\t\t\t35 productos\t\t\t<\/div>\n\t\t\t\t\t\t\t<\/div>\n\t\t\t<\/div>\n\t\t<\/div>\n\t\t\t\t\t\t\t\t\t\t<\/a>\n\t\t\t\t\t\t\t<\/div>\n\t\t\t\t\t\t\t\t\t\t<\/div>\n\t\t\t\t\t<\/div>\n\t\t\t\t\t\t<\/div>\n\t\t\t\t<\/div>\n\t\t\t\t\t<\/div>\n\t\t<\/div>\n\t\t\t\t\t<\/div>\n\t\t<\/section>\n\t\t\t\t<section class=\"elementor-section elementor-top-section elementor-element elementor-element-61b9533 elementor-section-boxed elementor-section-height-default elementor-section-height-default\" data-id=\"61b9533\" data-element_type=\"section\">\n\t\t\t\t\t\t<div class=\"elementor-container elementor-column-gap-default\">\n\t\t\t\t\t<div class=\"elementor-column elementor-col-100 elementor-top-column elementor-element elementor-element-bca791a\" data-id=\"bca791a\" data-element_type=\"column\">\n\t\t\t<div class=\"elementor-widget-wrap elementor-element-populated\">\n\t\t\t\t\t\t<div class=\"elementor-element elementor-element-de4ea13 elementor-widget elementor-widget-spacer\" data-id=\"de4ea13\" data-element_type=\"widget\" data-widget_type=\"spacer.default\">\n\t\t\t\t<div class=\"elementor-widget-container\">\n\t\t\t\t\t\t\t<div class=\"elementor-spacer\">\n\t\t\t<div class=\"elementor-spacer-inner\"><\/div>\n\t\t<\/div>\n\t\t\t\t\t\t<\/div>\n\t\t\t\t<\/div>\n\t\t\t\t\t<\/div>\n\t\t<\/div>\n\t\t\t\t\t<\/div>\n\t\t<\/section>\n\t\t\t\t<section class=\"elementor-section elementor-top-section elementor-element elementor-element-75ad363 elementor-section-boxed elementor-section-height-default elementor-section-height-default\" data-id=\"75ad363\" data-element_type=\"section\">\n\t\t\t\t\t\t<div class=\"elementor-container elementor-column-gap-default\">\n\t\t\t\t\t<div class=\"elementor-column elementor-col-100 elementor-top-column elementor-element elementor-element-a3e1d62\" data-id=\"a3e1d62\" data-element_type=\"column\">\n\t\t\t<div class=\"elementor-widget-wrap elementor-element-populated\">\n\t\t\t\t\t\t<div class=\"elementor-element elementor-element-81630bc elementor-widget-divider--view-line elementor-widget elementor-widget-divider\" data-id=\"81630bc\" data-element_type=\"widget\" data-widget_type=\"divider.default\">\n\t\t\t\t<div class=\"elementor-widget-container\">\n\t\t\t\t\t\t\t<div class=\"elementor-divider\">\n\t\t\t<span class=\"elementor-divider-separator\">\n\t\t\t\t\t\t<\/span>\n\t\t<\/div>\n\t\t\t\t\t\t<\/div>\n\t\t\t\t<\/div>\n\t\t\t\t<div class=\"elementor-element elementor-element-3c0f982 elementor-widget elementor-widget-heading\" data-id=\"3c0f982\" data-element_type=\"widget\" data-widget_type=\"heading.default\">\n\t\t\t\t<div class=\"elementor-widget-container\">\n\t\t\t\t\t<h4 class=\"elementor-heading-title elementor-size-default\">\u00abEn el guacamaya disfrutaras de un viaje a trav\u00e9s de los sabores y los aromas de los condimentos que nos caracterizan.\u00bb<\/h4>\t\t\t\t<\/div>\n\t\t\t\t<\/div>\n\t\t\t\t<div class=\"elementor-element elementor-element-2e4c9f1 elementor-widget-divider--view-line elementor-widget elementor-widget-divider\" data-id=\"2e4c9f1\" data-element_type=\"widget\" data-widget_type=\"divider.default\">\n\t\t\t\t<div class=\"elementor-widget-container\">\n\t\t\t\t\t\t\t<div class=\"elementor-divider\">\n\t\t\t<span class=\"elementor-divider-separator\">\n\t\t\t\t\t\t<\/span>\n\t\t<\/div>\n\t\t\t\t\t\t<\/div>\n\t\t\t\t<\/div>\n\t\t\t\t\t<\/div>\n\t\t<\/div>\n\t\t\t\t\t<\/div>\n\t\t<\/section>\n\t\t\t\t<section class=\"elementor-section elementor-top-section elementor-element elementor-element-af0d09b elementor-section-boxed elementor-section-height-default elementor-section-height-default\" data-id=\"af0d09b\" data-element_type=\"section\" data-settings=\"{&quot;background_background&quot;:&quot;classic&quot;}\">\n\t\t\t\t\t\t\t<div class=\"elementor-background-overlay\"><\/div>\n\t\t\t\t\t\t\t<div class=\"elementor-container elementor-column-gap-default\">\n\t\t\t\t\t<div class=\"elementor-column elementor-col-100 elementor-top-column elementor-element elementor-element-012e49a\" data-id=\"012e49a\" data-element_type=\"column\" data-settings=\"{&quot;background_background&quot;:&quot;classic&quot;}\">\n\t\t\t<div class=\"elementor-widget-wrap elementor-element-populated\">\n\t\t\t\t\t\t<div class=\"elementor-element elementor-element-89d4639 elementor-widget elementor-widget-heading\" data-id=\"89d4639\" data-element_type=\"widget\" data-widget_type=\"heading.default\">\n\t\t\t\t<div class=\"elementor-widget-container\">\n\t\t\t\t\t<h3 class=\"elementor-heading-title elementor-size-default\">Destacados<\/h3>\t\t\t\t<\/div>\n\t\t\t\t<\/div>\n\t\t\t\t<div class=\"elementor-element elementor-element-e97ebb3 elementor-product-loop-item--align-center elementor-grid-tablet-2 elementor-grid-4 elementor-grid-mobile-2 elementor-products-grid elementor-wc-products elementor-show-pagination-border-yes elementor-widget elementor-widget-woocommerce-products\" data-id=\"e97ebb3\" data-element_type=\"widget\" data-widget_type=\"woocommerce-products.default\">\n\t\t\t\t<div class=\"elementor-widget-container\">\n\t\t\t\t\t<div class=\"woocommerce columns-4 \"><div class=\"woocommerce-notices-wrapper\"><\/div><ul class=\"products elementor-grid columns-4\">\n<li class=\"desktop-align-left tablet-align-left mobile-align-left product type-product post-1696 status-publish first instock product_cat-chocolates product_cat-frutas-secos-y-deshidratados product_tag-destacado has-post-thumbnail taxable shipping-taxable purchasable product-type-variable\">\n\t<a href=\"https:\/\/elguacamaya.com.uy\/index.php\/producto\/mani-con-chocolate\/\" class=\"woocommerce-LoopProduct-link woocommerce-loop-product__link\"><img fetchpriority=\"high\" decoding=\"async\" width=\"247\" height=\"247\" src=\"https:\/\/elguacamaya.com.uy\/wp-content\/uploads\/2021\/10\/mani-con-chocolate1_resultado-247x247.jpg\" class=\"attachment-woocommerce_thumbnail size-woocommerce_thumbnail\" alt=\"Man\u00ed con chocolate\" srcset=\"https:\/\/elguacamaya.com.uy\/wp-content\/uploads\/2021\/10\/mani-con-chocolate1_resultado-247x247.jpg 247w, https:\/\/elguacamaya.com.uy\/wp-content\/uploads\/2021\/10\/mani-con-chocolate1_resultado-300x300.jpg 300w, https:\/\/elguacamaya.com.uy\/wp-content\/uploads\/2021\/10\/mani-con-chocolate1_resultado-150x150.jpg 150w, https:\/\/elguacamaya.com.uy\/wp-content\/uploads\/2021\/10\/mani-con-chocolate1_resultado-100x100.jpg 100w, https:\/\/elguacamaya.com.uy\/wp-content\/uploads\/2021\/10\/mani-con-chocolate1_resultado.jpg 500w\" sizes=\"(max-width: 247px) 100vw, 247px\" \/><h2 class=\"woocommerce-loop-product__title\">Man\u00ed con chocolate<\/h2>\n\t<span class=\"price\"><span class=\"woocommerce-Price-amount amount\" aria-hidden=\"true\"><bdi><span class=\"woocommerce-Price-currencySymbol\">&#36;<\/span>75,00<\/bdi><\/span> <span aria-hidden=\"true\">-<\/span> <span class=\"woocommerce-Price-amount amount\" aria-hidden=\"true\"><bdi><span class=\"woocommerce-Price-currencySymbol\">&#36;<\/span>559,00<\/bdi><\/span><span class=\"screen-reader-text\">Rango de precios: desde &#36;75,00 hasta &#36;559,00<\/span><\/span>\n<\/a><a href=\"https:\/\/elguacamaya.com.uy\/index.php\/producto\/mani-con-chocolate\/\" aria-describedby=\"woocommerce_loop_add_to_cart_link_describedby_1696\" data-quantity=\"1\" class=\"button product_type_variable add_to_cart_button\" data-product_id=\"1696\" data-product_sku=\"\" aria-label=\"Elige las opciones para &ldquo;Man\u00ed con chocolate&rdquo;\" rel=\"nofollow\">Seleccionar opciones<\/a>\t<span id=\"woocommerce_loop_add_to_cart_link_describedby_1696\" class=\"screen-reader-text\">\n\t\tEste producto tiene m\u00faltiples variantes. Las opciones se pueden elegir en la p\u00e1gina de producto\t<\/span>\n<\/li>\n<li class=\"desktop-align-left tablet-align-left mobile-align-left product type-product post-1245 status-publish instock product_cat-chocolates product_tag-destacado has-post-thumbnail taxable shipping-taxable purchasable product-type-simple\">\n\t<a href=\"https:\/\/elguacamaya.com.uy\/index.php\/producto\/chocolate-confeiteiro-blanco\/\" class=\"woocommerce-LoopProduct-link woocommerce-loop-product__link\"><img decoding=\"async\" width=\"247\" height=\"247\" src=\"https:\/\/elguacamaya.com.uy\/wp-content\/uploads\/2021\/10\/Confeiteiro-branco-1kg_resultado-247x247.jpg\" class=\"attachment-woocommerce_thumbnail size-woocommerce_thumbnail\" alt=\"Chocolate Confiteiro blanco\" srcset=\"https:\/\/elguacamaya.com.uy\/wp-content\/uploads\/2021\/10\/Confeiteiro-branco-1kg_resultado-247x247.jpg 247w, https:\/\/elguacamaya.com.uy\/wp-content\/uploads\/2021\/10\/Confeiteiro-branco-1kg_resultado-300x300.jpg 300w, https:\/\/elguacamaya.com.uy\/wp-content\/uploads\/2021\/10\/Confeiteiro-branco-1kg_resultado-150x150.jpg 150w, https:\/\/elguacamaya.com.uy\/wp-content\/uploads\/2021\/10\/Confeiteiro-branco-1kg_resultado-100x100.jpg 100w, https:\/\/elguacamaya.com.uy\/wp-content\/uploads\/2021\/10\/Confeiteiro-branco-1kg_resultado.jpg 500w\" sizes=\"(max-width: 247px) 100vw, 247px\" \/><h2 class=\"woocommerce-loop-product__title\">Chocolate Confiteiro blanco<\/h2>\n\t<span class=\"price\"><span class=\"woocommerce-Price-amount amount\"><bdi><span class=\"woocommerce-Price-currencySymbol\">&#36;<\/span>399,00<\/bdi><\/span><\/span>\n<\/a><a href=\"\/index.php\/wp-json\/wp\/v2\/pages\/140?add-to-cart=1245\" aria-describedby=\"woocommerce_loop_add_to_cart_link_describedby_1245\" data-quantity=\"1\" class=\"button product_type_simple add_to_cart_button ajax_add_to_cart\" data-product_id=\"1245\" data-product_sku=\"\" aria-label=\"A\u00f1adir al carrito: &ldquo;Chocolate Confiteiro blanco&rdquo;\" rel=\"nofollow\" data-success_message=\"\u00abChocolate Confiteiro blanco\u00bb se ha a\u00f1adido a tu carrito\" role=\"button\">A\u00f1adir al carrito<\/a>\t<span id=\"woocommerce_loop_add_to_cart_link_describedby_1245\" class=\"screen-reader-text\">\n\t\t\t<\/span>\n<\/li>\n<li class=\"desktop-align-left tablet-align-left mobile-align-left product type-product post-1262 status-publish instock product_cat-chocolates product_tag-destacado has-post-thumbnail taxable shipping-taxable purchasable product-type-variable\">\n\t<a href=\"https:\/\/elguacamaya.com.uy\/index.php\/producto\/chocolate-top-en-monedas-2\/\" class=\"woocommerce-LoopProduct-link woocommerce-loop-product__link\"><img decoding=\"async\" width=\"247\" height=\"247\" src=\"https:\/\/elguacamaya.com.uy\/wp-content\/uploads\/2021\/10\/Top-cobertura-meio-amargo-gotas-1kg-247x247.jpg\" class=\"attachment-woocommerce_thumbnail size-woocommerce_thumbnail\" alt=\"Chocolate top en monedas Negro x400g\" srcset=\"https:\/\/elguacamaya.com.uy\/wp-content\/uploads\/2021\/10\/Top-cobertura-meio-amargo-gotas-1kg-247x247.jpg 247w, https:\/\/elguacamaya.com.uy\/wp-content\/uploads\/2021\/10\/Top-cobertura-meio-amargo-gotas-1kg-150x150.jpg 150w, https:\/\/elguacamaya.com.uy\/wp-content\/uploads\/2021\/10\/Top-cobertura-meio-amargo-gotas-1kg-100x100.jpg 100w\" sizes=\"(max-width: 247px) 100vw, 247px\" \/><h2 class=\"woocommerce-loop-product__title\">Chocolate top en monedas Negro x400g<\/h2>\n\t<span class=\"price\"><span class=\"woocommerce-Price-amount amount\"><bdi><span class=\"woocommerce-Price-currencySymbol\">&#36;<\/span>155,00<\/bdi><\/span><\/span>\n<\/a><a href=\"https:\/\/elguacamaya.com.uy\/index.php\/producto\/chocolate-top-en-monedas-2\/\" aria-describedby=\"woocommerce_loop_add_to_cart_link_describedby_1262\" data-quantity=\"1\" class=\"button product_type_variable add_to_cart_button\" data-product_id=\"1262\" data-product_sku=\"\" aria-label=\"Elige las opciones para &ldquo;Chocolate top en monedas Negro x400g&rdquo;\" rel=\"nofollow\">Seleccionar opciones<\/a>\t<span id=\"woocommerce_loop_add_to_cart_link_describedby_1262\" class=\"screen-reader-text\">\n\t\tEste producto tiene m\u00faltiples variantes. Las opciones se pueden elegir en la p\u00e1gina de producto\t<\/span>\n<\/li>\n<\/ul>\n<\/div>\t\t\t\t<\/div>\n\t\t\t\t<\/div>\n\t\t\t\t\t<\/div>\n\t\t<\/div>\n\t\t\t\t\t<\/div>\n\t\t<\/section>\n\t\t\t\t<\/div>\n\t\t","protected":false},"excerpt":{"rendered":"<p>Que la alimentaci\u00f3n conscientesea parte de tu vida Que la alimentaci\u00f3n consciente sea parte de tu vida Condimentos 47 productos Frutos secos y deshidratados 46 productos Productos de panader\u00eda 48 productos Productos de reposter\u00eda 26 productos Cereales, granos y semillas 52 productos Productos saludables, Adu, Acelu y Org\u00e1nicos 35 productos \u00abEn el guacamaya disfrutaras de &hellip;<\/p>\n<p class=\"read-more\"> <a class=\"\" href=\"https:\/\/elguacamaya.com.uy\/\"> <span class=\"screen-reader-text\">Inicio<\/span> Leer m\u00e1s &raquo;<\/a><\/p>\n","protected":false},"author":1,"featured_media":0,"parent":0,"menu_order":0,"comment_status":"closed","ping_status":"closed","template":"elementor_header_footer","meta":{"site-sidebar-layout":"no-sidebar","site-content-layout":"default","ast-global-header-display":"","ast-banner-title-visibility":"","ast-main-header-display":"","ast-hfb-above-header-display":"","ast-hfb-below-header-display":"","ast-hfb-mobile-header-display":"","site-post-title":"","ast-breadcrumbs-content":"","ast-featured-img":"","footer-sml-layout":"","theme-transparent-header-meta":"default","adv-header-id-meta":"","stick-header-meta":"","header-above-stick-meta":"","header-main-stick-meta":"","header-below-stick-meta":"","_joinchat":[],"footnotes":""},"class_list":["post-140","page","type-page","status-publish","hentry"],"_links":{"self":[{"href":"https:\/\/elguacamaya.com.uy\/index.php\/wp-json\/wp\/v2\/pages\/140","targetHints":{"allow":["GET"]}}],"collection":[{"href":"https:\/\/elguacamaya.com.uy\/index.php\/wp-json\/wp\/v2\/pages"}],"about":[{"href":"https:\/\/elguacamaya.com.uy\/index.php\/wp-json\/wp\/v2\/types\/page"}],"author":[{"embeddable":true,"href":"https:\/\/elguacamaya.com.uy\/index.php\/wp-json\/wp\/v2\/users\/1"}],"replies":[{"embeddable":true,"href":"https:\/\/elguacamaya.com.uy\/index.php\/wp-json\/wp\/v2\/comments?post=140"}],"version-history":[{"count":86,"href":"https:\/\/elguacamaya.com.uy\/index.php\/wp-json\/wp\/v2\/pages\/140\/revisions"}],"predecessor-version":[{"id":4520,"href":"https:\/\/elguacamaya.com.uy\/index.php\/wp-json\/wp\/v2\/pages\/140\/revisions\/4520"}],"wp:attachment":[{"href":"https:\/\/elguacamaya.com.uy\/index.php\/wp-json\/wp\/v2\/media?parent=140"}],"curies":[{"name":"wp","href":"https:\/\/api.w.org\/{rel}","templated":true}]}}