{"id":1165,"date":"2021-10-07T18:17:46","date_gmt":"2021-10-07T18:17:46","guid":{"rendered":"https:\/\/elguacamaya.com.uy\/?page_id=1165"},"modified":"2021-10-07T18:21:48","modified_gmt":"2021-10-07T18:21:48","slug":"historia","status":"publish","type":"page","link":"https:\/\/elguacamaya.com.uy\/index.php\/historia\/","title":{"rendered":"Historia"},"content":{"rendered":"\t\t<div data-elementor-type=\"wp-page\" data-elementor-id=\"1165\" class=\"elementor elementor-1165\" data-elementor-post-type=\"page\">\n\t\t\t\t\t\t<section class=\"elementor-section elementor-top-section elementor-element elementor-element-1b9ec24 elementor-section-boxed elementor-section-height-default elementor-section-height-default\" data-id=\"1b9ec24\" data-element_type=\"section\">\n\t\t\t\t\t\t<div class=\"elementor-container elementor-column-gap-default\">\n\t\t\t\t\t<div class=\"elementor-column elementor-col-100 elementor-top-column elementor-element elementor-element-01b279d\" data-id=\"01b279d\" data-element_type=\"column\">\n\t\t\t<div class=\"elementor-widget-wrap elementor-element-populated\">\n\t\t\t\t\t\t<div class=\"elementor-element elementor-element-cfbfa67 elementor-widget elementor-widget-heading\" data-id=\"cfbfa67\" data-element_type=\"widget\" data-widget_type=\"heading.default\">\n\t\t\t\t<div class=\"elementor-widget-container\">\n\t\t\t\t\t<h1 class=\"elementor-heading-title elementor-size-default\">Un poquito de nuestra historia<\/h1>\t\t\t\t<\/div>\n\t\t\t\t<\/div>\n\t\t\t\t<div class=\"elementor-element elementor-element-8c52850 elementor-widget elementor-widget-text-editor\" data-id=\"8c52850\" data-element_type=\"widget\" data-widget_type=\"text-editor.default\">\n\t\t\t\t<div class=\"elementor-widget-container\">\n\t\t\t\t\t\t\t\t\t<p>El Guacamaya es una empresa familiar creada hace m\u00e1s de 60 a\u00f1os por Cesar C\u00e1ceres.<\/p><p>Comenz\u00f3 como fraccionamiento de condimentos a lo que se le fue agregando mezclas y moliendas de los mismos. Cabe destacar la molienda siempre nueva, que realizamos d\u00eda a d\u00eda, con el objetivo de brindar las mejores propiedades de cada condimento.<\/p><p>Con esfuerzo y ganas de seguir progresando, este empresario con el correr de los a\u00f1os y su amor por emprender hizo crecer el negocio que hoy continua su hija M\u00f3nica C\u00e1ceres y su nieto Joaqu\u00edn Rodr\u00edguez.<\/p><p>Hoy en d\u00eda contamos con una amplia variedad de productos saludables como frutos secos, semillas, productos org\u00e1nicos, diversas harinas y con los originales condimentos que nos caracteriza.<\/p><p>Acompa\u00f1amos en la cocina cada d\u00eda a nuestros clientes y tambi\u00e9n a aquellos panaderos y reposteros que nos eligen para elaborar sus productos.<\/p><p>Este emprendimiento es posible y continua creciendo gracias al apoyo de nuestros clientes, amigos y empleados que nos acompa\u00f1an a cada paso.<\/p><p>Nuestra meta: que la alimentaci\u00f3n consciente sea parte de tu vida.<\/p>\t\t\t\t\t\t\t\t<\/div>\n\t\t\t\t<\/div>\n\t\t\t\t\t<\/div>\n\t\t<\/div>\n\t\t\t\t\t<\/div>\n\t\t<\/section>\n\t\t\t\t<\/div>\n\t\t","protected":false},"excerpt":{"rendered":"<p>Un poquito de nuestra historia El Guacamaya es una empresa familiar creada hace m\u00e1s de 60 a\u00f1os por Cesar C\u00e1ceres. Comenz\u00f3 como fraccionamiento de condimentos a lo que se le fue agregando mezclas y moliendas de los mismos. Cabe destacar la molienda siempre nueva, que realizamos d\u00eda a d\u00eda, con el objetivo de brindar las &hellip;<\/p>\n<p class=\"read-more\"> <a class=\"\" href=\"https:\/\/elguacamaya.com.uy\/index.php\/historia\/\"> <span class=\"screen-reader-text\">Historia<\/span> Leer m\u00e1s &raquo;<\/a><\/p>\n","protected":false},"author":1,"featured_media":0,"parent":0,"menu_order":0,"comment_status":"closed","ping_status":"closed","template":"","meta":{"site-sidebar-layout":"no-sidebar","site-content-layout":"page-builder","ast-global-header-display":"","ast-banner-title-visibility":"","ast-main-header-display":"","ast-hfb-above-header-display":"","ast-hfb-below-header-display":"","ast-hfb-mobile-header-display":"","site-post-title":"disabled","ast-breadcrumbs-content":"","ast-featured-img":"disabled","footer-sml-layout":"","theme-transparent-header-meta":"default","adv-header-id-meta":"","stick-header-meta":"","header-above-stick-meta":"","header-main-stick-meta":"","header-below-stick-meta":"","_joinchat":[],"footnotes":""},"class_list":["post-1165","page","type-page","status-publish","hentry"],"_links":{"self":[{"href":"https:\/\/elguacamaya.com.uy\/index.php\/wp-json\/wp\/v2\/pages\/1165","targetHints":{"allow":["GET"]}}],"collection":[{"href":"https:\/\/elguacamaya.com.uy\/index.php\/wp-json\/wp\/v2\/pages"}],"about":[{"href":"https:\/\/elguacamaya.com.uy\/index.php\/wp-json\/wp\/v2\/types\/page"}],"author":[{"embeddable":true,"href":"https:\/\/elguacamaya.com.uy\/index.php\/wp-json\/wp\/v2\/users\/1"}],"replies":[{"embeddable":true,"href":"https:\/\/elguacamaya.com.uy\/index.php\/wp-json\/wp\/v2\/comments?post=1165"}],"version-history":[{"count":5,"href":"https:\/\/elguacamaya.com.uy\/index.php\/wp-json\/wp\/v2\/pages\/1165\/revisions"}],"predecessor-version":[{"id":1173,"href":"https:\/\/elguacamaya.com.uy\/index.php\/wp-json\/wp\/v2\/pages\/1165\/revisions\/1173"}],"wp:attachment":[{"href":"https:\/\/elguacamaya.com.uy\/index.php\/wp-json\/wp\/v2\/media?parent=1165"}],"curies":[{"name":"wp","href":"https:\/\/api.w.org\/{rel}","templated":true}]}}