{"id":1107,"date":"2021-10-01T21:11:10","date_gmt":"2021-10-01T21:11:10","guid":{"rendered":"https:\/\/elguacamaya.com.uy\/?page_id=1107"},"modified":"2021-10-01T21:21:40","modified_gmt":"2021-10-01T21:21:40","slug":"terminos-y-condiciones","status":"publish","type":"page","link":"https:\/\/elguacamaya.com.uy\/index.php\/terminos-y-condiciones\/","title":{"rendered":"T\u00e9rminos y condiciones"},"content":{"rendered":"\t\t<div data-elementor-type=\"wp-page\" data-elementor-id=\"1107\" class=\"elementor elementor-1107\" data-elementor-post-type=\"page\">\n\t\t\t\t\t\t<section class=\"elementor-section elementor-top-section elementor-element elementor-element-832b47c elementor-section-boxed elementor-section-height-default elementor-section-height-default\" data-id=\"832b47c\" data-element_type=\"section\">\n\t\t\t\t\t\t<div class=\"elementor-container elementor-column-gap-default\">\n\t\t\t\t\t<div class=\"elementor-column elementor-col-100 elementor-top-column elementor-element elementor-element-807283b\" data-id=\"807283b\" data-element_type=\"column\">\n\t\t\t<div class=\"elementor-widget-wrap elementor-element-populated\">\n\t\t\t\t\t\t<div class=\"elementor-element elementor-element-d5bc511 elementor-widget elementor-widget-heading\" data-id=\"d5bc511\" data-element_type=\"widget\" data-widget_type=\"heading.default\">\n\t\t\t\t<div class=\"elementor-widget-container\">\n\t\t\t\t\t<h1 class=\"elementor-heading-title elementor-size-default\">T\u00e9rminos y condiciones<\/h1>\t\t\t\t<\/div>\n\t\t\t\t<\/div>\n\t\t\t\t<div class=\"elementor-element elementor-element-e379363 elementor-widget elementor-widget-text-editor\" data-id=\"e379363\" data-element_type=\"widget\" data-widget_type=\"text-editor.default\">\n\t\t\t\t<div class=\"elementor-widget-container\">\n\t\t\t\t\t\t\t\t\t<p>El usuario entiende que el acceso y uso de la aplicaci\u00f3n y sitios web resultar\u00e1 en la aceptaci\u00f3n de los presentes T\u00e9rminos y Condiciones. Asimismo, el Usuario entiende que acepta la Pol\u00edtica de Privacidad, asociada a \u00e9stos T\u00e9rminos y Condiciones.<\/p><div class=\"et_pb_column et_pb_column_1_4 et_pb_column_2 et_pb_css_mix_blend_mode_passthrough\"><div class=\"et_pb_module et_pb_text et_pb_text_2 et_pb_text_align_left et_pb_bg_layout_light et_had_animation\"><div class=\"et_pb_text_inner\"><h2>Capacidad para aceptar estos T\u00e9rminos y Condiciones<\/h2><\/div><\/div><\/div><div class=\"et_pb_column et_pb_column_3_4 et_pb_column_3 et_pb_css_mix_blend_mode_passthrough et-last-child\"><div class=\"et_pb_module et_pb_text et_pb_text_3 et_pb_text_align_left et_pb_bg_layout_light et_had_animation\"><div class=\"et_pb_text_inner\"><div class=\"et_pb_with_border et_pb_row et_pb_row_1 et_pb_row_1-4_3-4\"><div class=\"et_pb_column et_pb_column_3_4 et_pb_column_3 et_pb_css_mix_blend_mode_passthrough et-last-child\"><div class=\"et_pb_module et_pb_text et_pb_text_3 et_pb_text_align_left et_pb_bg_layout_light et_had_animation\"><div class=\"et_pb_text_inner\"><p>Usted afirma ser mayor de 18 a\u00f1os y que est\u00e1 completamente habilitado y tiene capacidad para entender y aceptar sin reservas las obligaciones, afirmaciones, representaciones y garant\u00edas establecidas en estos T\u00e9rminos y Condiciones.<\/p><div class=\"et_pb_column et_pb_column_1_4 et_pb_column_4 et_pb_css_mix_blend_mode_passthrough\"><div class=\"et_pb_module et_pb_text et_pb_text_4 et_pb_text_align_left et_pb_bg_layout_light et_had_animation\"><div class=\"et_pb_text_inner\"><h2>Responsabilidad<\/h2><\/div><\/div><\/div><div class=\"et_pb_column et_pb_column_3_4 et_pb_column_5 et_pb_css_mix_blend_mode_passthrough et-last-child\"><div class=\"et_pb_module et_pb_text et_pb_text_5 et_pb_text_align_left et_pb_bg_layout_light et_had_animation\"><div class=\"et_pb_text_inner\"><div class=\"et_pb_with_border et_pb_row et_pb_row_2 et_pb_row_1-4_3-4\"><div class=\"et_pb_column et_pb_column_3_4 et_pb_column_5 et_pb_css_mix_blend_mode_passthrough et-last-child\"><div class=\"et_pb_module et_pb_text et_pb_text_5 et_pb_text_align_left et_pb_bg_layout_light et_had_animation\"><div class=\"et_pb_text_inner\"><p>El Guacamaya no es responsable por los da\u00f1os y perjuicios que puedan surgir, incluyendo, sin l\u00edmite, da\u00f1os, p\u00e9rdidas o gastos directos, indirectos, que surjan en relaci\u00f3n con el uso del sitio elguacamaya.com.uy o la imposibilidad de uso, en relaci\u00f3n con cualquier falla, error, omisi\u00f3n, interrupci\u00f3n, defecto, demora en la operaci\u00f3n o transmisi\u00f3n o falla del sistema de l\u00ednea, a\u00fan en el caso de que El Guacamaya fuera informado sobre la posibilidad de dichos da\u00f1os o perjuicios.<\/p><\/div><\/div><\/div><\/div><div class=\"et_pb_with_border et_pb_row et_pb_row_3 et_pb_row_1-4_3-4\"><div class=\"et_pb_column et_pb_column_1_4 et_pb_column_6 et_pb_css_mix_blend_mode_passthrough\"><div class=\"et_pb_module et_pb_text et_pb_text_6 et_pb_text_align_left et_pb_bg_layout_light et_had_animation\"><div class=\"et_pb_text_inner\"><div class=\"et_pb_column et_pb_column_1_4 et_pb_column_6 et_pb_css_mix_blend_mode_passthrough\"><div class=\"et_pb_module et_pb_text et_pb_text_6 et_pb_text_align_left et_pb_bg_layout_light et_had_animation\"><div class=\"et_pb_text_inner\"><h2>\u00a0<\/h2><h2>El Usuario se compromete a:<\/h2><\/div><\/div><\/div><div class=\"et_pb_column et_pb_column_3_4 et_pb_column_7 et_pb_css_mix_blend_mode_passthrough et-last-child\"><div class=\"et_pb_module et_pb_text et_pb_text_7 et_pb_text_align_left et_pb_bg_layout_light et_had_animation\"><div class=\"et_pb_text_inner\"><div class=\"et_pb_with_border et_pb_row et_pb_row_3 et_pb_row_1-4_3-4\"><div class=\"et_pb_column et_pb_column_3_4 et_pb_column_7 et_pb_css_mix_blend_mode_passthrough et-last-child\"><div class=\"et_pb_module et_pb_text et_pb_text_7 et_pb_text_align_left et_pb_bg_layout_light et_had_animation\"><div class=\"et_pb_text_inner\"><p>No acceder a datos restringidos o a intentar violar las restricciones de seguridad para llegar a ellos. No divulgar informaci\u00f3n acerca de la detecci\u00f3n de vulnerabilidades encontradas en el sitio elguacamaya.com.uy sin la comunicaci\u00f3n y aceptaci\u00f3n expresa de El Guacamaya.<\/p><\/div><\/div><\/div><\/div><div class=\"et_pb_with_border et_pb_row et_pb_row_4 et_pb_row_1-4_3-4\"><div class=\"et_pb_column et_pb_column_1_4 et_pb_column_8 et_pb_css_mix_blend_mode_passthrough\"><div class=\"et_pb_module et_pb_text et_pb_text_8 et_pb_text_align_left et_pb_bg_layout_light et_had_animation\"><div class=\"et_pb_text_inner\"><div class=\"et_pb_column et_pb_column_1_4 et_pb_column_8 et_pb_css_mix_blend_mode_passthrough\"><div class=\"et_pb_module et_pb_text et_pb_text_8 et_pb_text_align_left et_pb_bg_layout_light et_had_animation\"><div class=\"et_pb_text_inner\"><h2>\u00a0<\/h2><h2>Propiedad Intelectual<\/h2><\/div><\/div><\/div><div class=\"et_pb_column et_pb_column_3_4 et_pb_column_9 et_pb_css_mix_blend_mode_passthrough et-last-child\"><div class=\"et_pb_module et_pb_text et_pb_text_9 et_pb_text_align_left et_pb_bg_layout_light et_had_animation\"><div class=\"et_pb_text_inner\"><div class=\"et_pb_with_border et_pb_row et_pb_row_4 et_pb_row_1-4_3-4\"><div class=\"et_pb_column et_pb_column_3_4 et_pb_column_9 et_pb_css_mix_blend_mode_passthrough et-last-child\"><div class=\"et_pb_module et_pb_text et_pb_text_9 et_pb_text_align_left et_pb_bg_layout_light et_had_animation\"><div class=\"et_pb_text_inner\"><p>Las marcas, avisos, nombres comerciales, frases de propaganda, dibujos, dise\u00f1os, logotipos, textos, etc. que aparecen en las aplicaciones son propiedad de El Guacamaya, excepto cuando se declare lo contrario.<\/p><\/div><\/div><\/div><\/div><div class=\"et_pb_with_border et_pb_row et_pb_row_5 et_pb_row_1-4_3-4\"><div class=\"et_pb_column et_pb_column_1_4 et_pb_column_10 et_pb_css_mix_blend_mode_passthrough\"><div class=\"et_pb_module et_pb_text et_pb_text_10 et_pb_text_align_left et_pb_bg_layout_light et_had_animation\"><div class=\"et_pb_text_inner\"><div class=\"et_pb_column et_pb_column_1_4 et_pb_column_10 et_pb_css_mix_blend_mode_passthrough\"><div class=\"et_pb_module et_pb_text et_pb_text_10 et_pb_text_align_left et_pb_bg_layout_light et_had_animation\"><div class=\"et_pb_text_inner\"><h2>\u00a0<\/h2><h2>Modificaci\u00f3n de Los T\u00e9rminos y Condiciones<\/h2><\/div><\/div><\/div><div class=\"et_pb_column et_pb_column_3_4 et_pb_column_11 et_pb_css_mix_blend_mode_passthrough et-last-child\"><div class=\"et_pb_module et_pb_text et_pb_text_11 et_pb_text_align_left et_pb_bg_layout_light et_had_animation\"><div class=\"et_pb_text_inner\"><div id=\"main-content\"><article id=\"post-1181\" class=\"post-1181 page type-page status-publish hentry\"><div class=\"entry-content\"><div class=\"et-l et-l--post\"><div class=\"et_builder_inner_content et_pb_gutters3\"><div class=\"et_pb_section et_pb_section_1 et_section_regular\"><div class=\"et_pb_with_border et_pb_row et_pb_row_5 et_pb_row_1-4_3-4\"><div class=\"et_pb_column et_pb_column_3_4 et_pb_column_11 et_pb_css_mix_blend_mode_passthrough et-last-child\"><div class=\"et_pb_module et_pb_text et_pb_text_11 et_pb_text_align_left et_pb_bg_layout_light et_had_animation\"><div class=\"et_pb_text_inner\"><p>El Guacamaya se reserva el derecho de modificar estos T\u00e9rminos y Condiciones en cualquier momento, comprometi\u00e9ndose a anunciarlo por medio de un aviso en la aplicaci\u00f3n que corresponda.<\/p><\/div><\/div><\/div><\/div><\/div><\/div><\/div><\/div><\/article><\/div><\/div><\/div><\/div><\/div><\/div><\/div><\/div><\/div><\/div><\/div><\/div><\/div><\/div><\/div><\/div><\/div><\/div><\/div><\/div><\/div><\/div><\/div><\/div><\/div><\/div><\/div><\/div><\/div><\/div><\/div><\/div>\t\t\t\t\t\t\t\t<\/div>\n\t\t\t\t<\/div>\n\t\t\t\t\t<\/div>\n\t\t<\/div>\n\t\t\t\t\t<\/div>\n\t\t<\/section>\n\t\t\t\t<\/div>\n\t\t","protected":false},"excerpt":{"rendered":"<p>T\u00e9rminos y condiciones El usuario entiende que el acceso y uso de la aplicaci\u00f3n y sitios web resultar\u00e1 en la aceptaci\u00f3n de los presentes T\u00e9rminos y Condiciones. Asimismo, el Usuario entiende que acepta la Pol\u00edtica de Privacidad, asociada a \u00e9stos T\u00e9rminos y Condiciones. Capacidad para aceptar estos T\u00e9rminos y Condiciones Usted afirma ser mayor de &hellip;<\/p>\n<p class=\"read-more\"> <a class=\"\" href=\"https:\/\/elguacamaya.com.uy\/index.php\/terminos-y-condiciones\/\"> <span class=\"screen-reader-text\">T\u00e9rminos y condiciones<\/span> Leer m\u00e1s &raquo;<\/a><\/p>\n","protected":false},"author":1,"featured_media":0,"parent":0,"menu_order":0,"comment_status":"closed","ping_status":"closed","template":"","meta":{"site-sidebar-layout":"no-sidebar","site-content-layout":"content-boxed-container","ast-global-header-display":"","ast-banner-title-visibility":"","ast-main-header-display":"","ast-hfb-above-header-display":"","ast-hfb-below-header-display":"","ast-hfb-mobile-header-display":"","site-post-title":"disabled","ast-breadcrumbs-content":"","ast-featured-img":"disabled","footer-sml-layout":"","theme-transparent-header-meta":"default","adv-header-id-meta":"","stick-header-meta":"","header-above-stick-meta":"","header-main-stick-meta":"","header-below-stick-meta":"","_joinchat":[],"footnotes":""},"class_list":["post-1107","page","type-page","status-publish","hentry"],"_links":{"self":[{"href":"https:\/\/elguacamaya.com.uy\/index.php\/wp-json\/wp\/v2\/pages\/1107","targetHints":{"allow":["GET"]}}],"collection":[{"href":"https:\/\/elguacamaya.com.uy\/index.php\/wp-json\/wp\/v2\/pages"}],"about":[{"href":"https:\/\/elguacamaya.com.uy\/index.php\/wp-json\/wp\/v2\/types\/page"}],"author":[{"embeddable":true,"href":"https:\/\/elguacamaya.com.uy\/index.php\/wp-json\/wp\/v2\/users\/1"}],"replies":[{"embeddable":true,"href":"https:\/\/elguacamaya.com.uy\/index.php\/wp-json\/wp\/v2\/comments?post=1107"}],"version-history":[{"count":5,"href":"https:\/\/elguacamaya.com.uy\/index.php\/wp-json\/wp\/v2\/pages\/1107\/revisions"}],"predecessor-version":[{"id":1119,"href":"https:\/\/elguacamaya.com.uy\/index.php\/wp-json\/wp\/v2\/pages\/1107\/revisions\/1119"}],"wp:attachment":[{"href":"https:\/\/elguacamaya.com.uy\/index.php\/wp-json\/wp\/v2\/media?parent=1107"}],"curies":[{"name":"wp","href":"https:\/\/api.w.org\/{rel}","templated":true}]}}